{"id":12,"date":"2020-02-22T12:00:28","date_gmt":"2020-02-22T12:00:28","guid":{"rendered":"http:\/\/fuenfhoefe.de\/?page_id=12"},"modified":"2025-09-04T12:17:26","modified_gmt":"2025-09-04T10:17:26","slug":"art","status":"publish","type":"page","link":"https:\/\/fuenfhoefe.de\/en\/art\/","title":{"rendered":"Art"},"content":{"rendered":"\n<div class=\"wp-block-columns is-layout-flex wp-container-core-columns-is-layout-9d6595d7 wp-block-columns-is-layout-flex\">\n<div class=\"wp-block-column is-layout-flow wp-block-column-is-layout-flow\">\n<h1 class=\"wp-block-heading\">ART IN MUNICH<\/h1>\n<\/div>\n\n\n\n<div class=\"wp-block-column is-layout-flow wp-block-column-is-layout-flow\">\n<p>CityQuartier F\u00dcNF H\u00d6FE is also a perfect place for art gallery and exhibition lovers in Munich.<\/p>\n\n\n\n<p><strong>Exhibitions at<\/strong> <strong>Kunsthalle M\u00fcnchen<\/strong><\/p>\n\n\n\n<p>Kunsthalle M\u00fcnchen is one of Germany&#8217;s leading exhibition venues and has also established a very good international reputation. Every year, two to three top international exhibitions of painting, sculpture, graphic art, photography or design from a wide range of epochs are staged on 1,200 m\u00b2 of exhibition space, and a wide variety of artists are portrayed. In recent years, the works of pop artist Keith Haring, fashion designer Jean Paul Gaultier or Thierry Mugler and fashion photographer Peter Lindbergh have attracted particular attention. The exhibitions on &#8220;Spain&#8217;s Golden Age&#8221;, &#8220;You are Faust&#8221; or the &#8220;Pleasure of Deception&#8221; were also magnets for visitors. The\u00a0<a href=\"https:\/\/fuenfhoefe.de\/shops\/kunsthalle-muenchen\/\"><strong>Kunsthalle M\u00fcnchen<\/strong><\/a>\u00a0is open daily from 10 am to 8 pm.<\/p>\n\n\n\n<p><strong>Art &amp; Party: Afterwork<\/strong><strong><sup>KH<\/sup><\/strong><strong>&nbsp;and &#8220;Re-Act!&#8221;<\/strong><\/p>\n\n\n\n<p>The evening events at the Kunsthalle M\u00fcnchen, which combine an art experience with music and drinks, are also legendary. Every third Wednesday of the month, you can visit the Kunsthalle&#8217;s current exhibition until 10 pm at Afterwork<strong><sup>KH<\/sup>\u00a0<\/strong> and end the evening at the caf\u00e9-restaurant <strong><a href=\"https:\/\/fuenfhoefe.de\/shops\/theatiner-8\/\">Theatiner 8<\/a><\/strong> with music by DJ Alkalino.\u00a0Read more\u00a0<a href=\"https:\/\/www.kunsthalle-muc.de\/en\/accompanying-program\/afterwork\/\"><strong>here.<\/strong><\/a><\/p>\n\n\n\n<p><\/p>\n\n\n\n<p><\/p>\n<\/div>\n<\/div>\n\n\n\n<div class=\"StoreList \">\n  <div class=\"StoreFilter\">\n  <div class=\"StoreFilter-wrapper\">\n    <h3 class=\"StoreFilter-category\">\n              <span>Stores<\/span>\n            Art    <\/h3>\n\n    \n    <div class=\"StoreSearch\">\n  <div class=\"StoreSearch-search\" role=\"search\">\n    <label for=\"store-search-input\" class=\"sr-only\">Search stores<\/label>\n    <input id=\"store-search-input\" class=\"StoreSearch-input js-StoreSearch-input\" type=\"text\" placeholder=\"Stores search\" aria-label=\"Search stores\">\n  <\/div>\n  <button type=\"button\" class=\"StoreSearch-icon js-StoreSearch-toggle\" aria-label=\"Toggle search\" aria-expanded=\"false\">\n    <svg aria-hidden=\"true\" focusable=\"false\">\n      <use xlink:href=\"#icon-search\"><\/use>\n    <\/svg>\n  <\/button>\n<\/div>\n  <\/div>\n<\/div>\n\n  <div class=\"StoreList-list js-StoreList\">\n                  \n<div class=\"mix StoreTile  art\" style=\"background-image: url('https:\/\/fuenfhoefe.de\/wp-content\/uploads\/20191015_KH_Kanda_Vorschau.jpg')\" data-shop-id=\"1870\" role=\"article\">\n  <!-- <a href=\"https:\/\/fuenfhoefe.de\/en\/shops\/kunsthalle-munich\/\" tabindex=\"0\" aria-label=\"Kunsthalle Munich\"> -->\n    <img loading=\"lazy\" decoding=\"async\" width=\"170\" height=\"85\" src=\"https:\/\/fuenfhoefe.de\/wp-content\/uploads\/csm_Kunsthalle_Logo_white_3a5b3ae2d4.png\" class=\"StoreTile-logo\" alt=\"Kunsthalle Munich logo\" \/>  <!-- <\/a> -->\n  <div class=\"StoreTile-desc\" aria-hidden=\"false\">\n    <h3 class=\"StoreTile-title\" id=\"store-title-1870\">Kunsthalle Munich<\/h3>\n          <ul class=\"StoreTile-categories\" aria-label=\"Store categories\">\n        <li>Art museum<\/li>\n      <\/ul>\n        <a class=\"Button -white\" href=\"https:\/\/fuenfhoefe.de\/en\/shops\/kunsthalle-munich\/\" tabindex=\"0\" aria-label=\"View details for Kunsthalle Munich\">\n      Details    <\/a>\n  <\/div>\n<\/div>\n            <\/div>\n<\/div>\n","protected":false},"excerpt":{"rendered":"<p>ART IN MUNICH CityQuartier F\u00dcNF H\u00d6FE is also a perfect place for art gallery and exhibition lovers in Munich. Exhibitions at Kunsthalle M\u00fcnchen Kunsthalle M\u00fcnchen is one of Germany&#8217;s leading exhibition venues and has also established a very good international reputation. Every year, two to three top international exhibitions of painting, sculpture, graphic art, photography [&hellip;]<\/p>\n","protected":false},"author":5,"featured_media":2622,"parent":0,"menu_order":0,"comment_status":"closed","ping_status":"closed","template":"","meta":{"_acf_changed":false,"footnotes":""},"class_list":["post-12","page","type-page","status-publish","has-post-thumbnail","hentry"],"acf":[],"yoast_head":"<!-- This site is optimized with the Yoast SEO plugin v27.2 - https:\/\/yoast.com\/product\/yoast-seo-wordpress\/ -->\n<title>Art : F\u00dcNF H\u00d6FE Shopping<\/title>\n<meta name=\"description\" content=\"CityQuartier F\u00dcNF H\u00d6FE is also a perfect place for art gallery and exhibition lovers in Munich with the renowned Kunsthalle M\u00fcnchen.\" \/>\n<meta name=\"robots\" content=\"index, follow, max-snippet:-1, max-image-preview:large, max-video-preview:-1\" \/>\n<link rel=\"canonical\" href=\"https:\/\/fuenfhoefe.de\/en\/art\/\" \/>\n<meta property=\"og:locale\" content=\"en_US\" \/>\n<meta property=\"og:type\" content=\"article\" \/>\n<meta property=\"og:title\" content=\"Art : F\u00dcNF H\u00d6FE Shopping\" \/>\n<meta property=\"og:description\" content=\"CityQuartier F\u00dcNF H\u00d6FE is also a perfect place for art gallery and exhibition lovers in Munich with the renowned Kunsthalle M\u00fcnchen.\" \/>\n<meta property=\"og:url\" content=\"https:\/\/fuenfhoefe.de\/en\/art\/\" \/>\n<meta property=\"og:site_name\" content=\"F\u00dcNF H\u00d6FE Shopping\" \/>\n<meta property=\"article:modified_time\" content=\"2025-09-04T10:17:26+00:00\" \/>\n<meta property=\"og:image\" content=\"https:\/\/fuenfhoefe.de\/wp-content\/uploads\/20190930_FH_Kunst_Header.jpg\" \/>\n\t<meta property=\"og:image:width\" content=\"1900\" \/>\n\t<meta property=\"og:image:height\" content=\"1069\" \/>\n\t<meta property=\"og:image:type\" content=\"image\/jpeg\" \/>\n<meta name=\"twitter:card\" content=\"summary_large_image\" \/>\n<meta name=\"twitter:label1\" content=\"Est. reading time\" \/>\n\t<meta name=\"twitter:data1\" content=\"2 minutes\" \/>\n<script type=\"application\/ld+json\" class=\"yoast-schema-graph\">{\"@context\":\"https:\/\/schema.org\",\"@graph\":[{\"@type\":\"WebPage\",\"@id\":\"https:\/\/fuenfhoefe.de\/en\/art\/\",\"url\":\"https:\/\/fuenfhoefe.de\/en\/art\/\",\"name\":\"Art : F\u00dcNF H\u00d6FE Shopping\",\"isPartOf\":{\"@id\":\"https:\/\/fuenfhoefe.de\/en\/#website\"},\"primaryImageOfPage\":{\"@id\":\"https:\/\/fuenfhoefe.de\/en\/art\/#primaryimage\"},\"image\":{\"@id\":\"https:\/\/fuenfhoefe.de\/en\/art\/#primaryimage\"},\"thumbnailUrl\":\"https:\/\/fuenfhoefe.de\/wp-content\/uploads\/20190930_FH_Kunst_Header.jpg\",\"datePublished\":\"2020-02-22T12:00:28+00:00\",\"dateModified\":\"2025-09-04T10:17:26+00:00\",\"description\":\"CityQuartier F\u00dcNF H\u00d6FE is also a perfect place for art gallery and exhibition lovers in Munich with the renowned Kunsthalle M\u00fcnchen.\",\"breadcrumb\":{\"@id\":\"https:\/\/fuenfhoefe.de\/en\/art\/#breadcrumb\"},\"inLanguage\":\"en-US\",\"potentialAction\":[{\"@type\":\"ReadAction\",\"target\":[\"https:\/\/fuenfhoefe.de\/en\/art\/\"]}]},{\"@type\":\"ImageObject\",\"inLanguage\":\"en-US\",\"@id\":\"https:\/\/fuenfhoefe.de\/en\/art\/#primaryimage\",\"url\":\"https:\/\/fuenfhoefe.de\/wp-content\/uploads\/20190930_FH_Kunst_Header.jpg\",\"contentUrl\":\"https:\/\/fuenfhoefe.de\/wp-content\/uploads\/20190930_FH_Kunst_Header.jpg\",\"width\":1900,\"height\":1069},{\"@type\":\"BreadcrumbList\",\"@id\":\"https:\/\/fuenfhoefe.de\/en\/art\/#breadcrumb\",\"itemListElement\":[{\"@type\":\"ListItem\",\"position\":1,\"name\":\"Home\",\"item\":\"https:\/\/fuenfhoefe.de\/en\/\"},{\"@type\":\"ListItem\",\"position\":2,\"name\":\"Art\"}]},{\"@type\":\"WebSite\",\"@id\":\"https:\/\/fuenfhoefe.de\/en\/#website\",\"url\":\"https:\/\/fuenfhoefe.de\/en\/\",\"name\":\"F\u00dcNF H\u00d6FE Shopping\",\"description\":\"\",\"publisher\":{\"@id\":\"https:\/\/fuenfhoefe.de\/en\/#organization\"},\"potentialAction\":[{\"@type\":\"SearchAction\",\"target\":{\"@type\":\"EntryPoint\",\"urlTemplate\":\"https:\/\/fuenfhoefe.de\/en\/?s={search_term_string}\"},\"query-input\":{\"@type\":\"PropertyValueSpecification\",\"valueRequired\":true,\"valueName\":\"search_term_string\"}}],\"inLanguage\":\"en-US\"},{\"@type\":\"Organization\",\"@id\":\"https:\/\/fuenfhoefe.de\/en\/#organization\",\"name\":\"F\u00dcNF H\u00d6FE Shopping\",\"url\":\"https:\/\/fuenfhoefe.de\/en\/\",\"logo\":{\"@type\":\"ImageObject\",\"inLanguage\":\"en-US\",\"@id\":\"https:\/\/fuenfhoefe.de\/en\/#\/schema\/logo\/image\/\",\"url\":\"https:\/\/fuenfhoefe.de\/wp-content\/uploads\/cropped-logo-1.png\",\"contentUrl\":\"https:\/\/fuenfhoefe.de\/wp-content\/uploads\/cropped-logo-1.png\",\"width\":178,\"height\":46,\"caption\":\"F\u00dcNF H\u00d6FE Shopping\"},\"image\":{\"@id\":\"https:\/\/fuenfhoefe.de\/en\/#\/schema\/logo\/image\/\"}}]}<\/script>\n<!-- \/ Yoast SEO plugin. -->","yoast_head_json":{"title":"Art : F\u00dcNF H\u00d6FE Shopping","description":"CityQuartier F\u00dcNF H\u00d6FE is also a perfect place for art gallery and exhibition lovers in Munich with the renowned Kunsthalle M\u00fcnchen.","robots":{"index":"index","follow":"follow","max-snippet":"max-snippet:-1","max-image-preview":"max-image-preview:large","max-video-preview":"max-video-preview:-1"},"canonical":"https:\/\/fuenfhoefe.de\/en\/art\/","og_locale":"en_US","og_type":"article","og_title":"Art : F\u00dcNF H\u00d6FE Shopping","og_description":"CityQuartier F\u00dcNF H\u00d6FE is also a perfect place for art gallery and exhibition lovers in Munich with the renowned Kunsthalle M\u00fcnchen.","og_url":"https:\/\/fuenfhoefe.de\/en\/art\/","og_site_name":"F\u00dcNF H\u00d6FE Shopping","article_modified_time":"2025-09-04T10:17:26+00:00","og_image":[{"width":1900,"height":1069,"url":"https:\/\/fuenfhoefe.de\/wp-content\/uploads\/20190930_FH_Kunst_Header.jpg","type":"image\/jpeg"}],"twitter_card":"summary_large_image","twitter_misc":{"Est. reading time":"2 minutes"},"schema":{"@context":"https:\/\/schema.org","@graph":[{"@type":"WebPage","@id":"https:\/\/fuenfhoefe.de\/en\/art\/","url":"https:\/\/fuenfhoefe.de\/en\/art\/","name":"Art : F\u00dcNF H\u00d6FE Shopping","isPartOf":{"@id":"https:\/\/fuenfhoefe.de\/en\/#website"},"primaryImageOfPage":{"@id":"https:\/\/fuenfhoefe.de\/en\/art\/#primaryimage"},"image":{"@id":"https:\/\/fuenfhoefe.de\/en\/art\/#primaryimage"},"thumbnailUrl":"https:\/\/fuenfhoefe.de\/wp-content\/uploads\/20190930_FH_Kunst_Header.jpg","datePublished":"2020-02-22T12:00:28+00:00","dateModified":"2025-09-04T10:17:26+00:00","description":"CityQuartier F\u00dcNF H\u00d6FE is also a perfect place for art gallery and exhibition lovers in Munich with the renowned Kunsthalle M\u00fcnchen.","breadcrumb":{"@id":"https:\/\/fuenfhoefe.de\/en\/art\/#breadcrumb"},"inLanguage":"en-US","potentialAction":[{"@type":"ReadAction","target":["https:\/\/fuenfhoefe.de\/en\/art\/"]}]},{"@type":"ImageObject","inLanguage":"en-US","@id":"https:\/\/fuenfhoefe.de\/en\/art\/#primaryimage","url":"https:\/\/fuenfhoefe.de\/wp-content\/uploads\/20190930_FH_Kunst_Header.jpg","contentUrl":"https:\/\/fuenfhoefe.de\/wp-content\/uploads\/20190930_FH_Kunst_Header.jpg","width":1900,"height":1069},{"@type":"BreadcrumbList","@id":"https:\/\/fuenfhoefe.de\/en\/art\/#breadcrumb","itemListElement":[{"@type":"ListItem","position":1,"name":"Home","item":"https:\/\/fuenfhoefe.de\/en\/"},{"@type":"ListItem","position":2,"name":"Art"}]},{"@type":"WebSite","@id":"https:\/\/fuenfhoefe.de\/en\/#website","url":"https:\/\/fuenfhoefe.de\/en\/","name":"F\u00dcNF H\u00d6FE Shopping","description":"","publisher":{"@id":"https:\/\/fuenfhoefe.de\/en\/#organization"},"potentialAction":[{"@type":"SearchAction","target":{"@type":"EntryPoint","urlTemplate":"https:\/\/fuenfhoefe.de\/en\/?s={search_term_string}"},"query-input":{"@type":"PropertyValueSpecification","valueRequired":true,"valueName":"search_term_string"}}],"inLanguage":"en-US"},{"@type":"Organization","@id":"https:\/\/fuenfhoefe.de\/en\/#organization","name":"F\u00dcNF H\u00d6FE Shopping","url":"https:\/\/fuenfhoefe.de\/en\/","logo":{"@type":"ImageObject","inLanguage":"en-US","@id":"https:\/\/fuenfhoefe.de\/en\/#\/schema\/logo\/image\/","url":"https:\/\/fuenfhoefe.de\/wp-content\/uploads\/cropped-logo-1.png","contentUrl":"https:\/\/fuenfhoefe.de\/wp-content\/uploads\/cropped-logo-1.png","width":178,"height":46,"caption":"F\u00dcNF H\u00d6FE Shopping"},"image":{"@id":"https:\/\/fuenfhoefe.de\/en\/#\/schema\/logo\/image\/"}}]}},"_links":{"self":[{"href":"https:\/\/fuenfhoefe.de\/en\/wp-json\/wp\/v2\/pages\/12","targetHints":{"allow":["GET"]}}],"collection":[{"href":"https:\/\/fuenfhoefe.de\/en\/wp-json\/wp\/v2\/pages"}],"about":[{"href":"https:\/\/fuenfhoefe.de\/en\/wp-json\/wp\/v2\/types\/page"}],"author":[{"embeddable":true,"href":"https:\/\/fuenfhoefe.de\/en\/wp-json\/wp\/v2\/users\/5"}],"replies":[{"embeddable":true,"href":"https:\/\/fuenfhoefe.de\/en\/wp-json\/wp\/v2\/comments?post=12"}],"version-history":[{"count":10,"href":"https:\/\/fuenfhoefe.de\/en\/wp-json\/wp\/v2\/pages\/12\/revisions"}],"predecessor-version":[{"id":14848,"href":"https:\/\/fuenfhoefe.de\/en\/wp-json\/wp\/v2\/pages\/12\/revisions\/14848"}],"wp:featuredmedia":[{"embeddable":true,"href":"https:\/\/fuenfhoefe.de\/en\/wp-json\/wp\/v2\/media\/2622"}],"wp:attachment":[{"href":"https:\/\/fuenfhoefe.de\/en\/wp-json\/wp\/v2\/media?parent=12"}],"curies":[{"name":"wp","href":"https:\/\/api.w.org\/{rel}","templated":true}]}}