{"id":16,"date":"2020-02-22T12:00:55","date_gmt":"2020-02-22T12:00:55","guid":{"rendered":"http:\/\/fuenfhoefe.de\/?page_id=16"},"modified":"2020-03-02T15:57:52","modified_gmt":"2020-03-02T15:57:52","slug":"jobs","status":"publish","type":"page","link":"https:\/\/fuenfhoefe.de\/en\/jobs\/","title":{"rendered":"Jobs"},"content":{"rendered":"\n  <section class=\"RecentPosts \">\n    <div class=\"RecentPosts-list\">\n              <div class=\"RecentPosts-item\">\n          \n<div class=\"PostCard\">\n  <a class=\"PostCard-link\" href=\"https:\/\/fuenfhoefe.de\/en\/jobs\/fuenf-hoefe-optik-stellenangebote\/\">\n    <figure>\n      <img loading=\"lazy\" decoding=\"async\" width=\"360\" height=\"360\" src=\"https:\/\/fuenfhoefe.de\/wp-content\/uploads\/Teaserbild-360x360.jpg\" class=\"PostCard-image wp-post-image\" alt=\"F\u00dcNF_H\u00d6FE_M\u00fcnchen_F\u00dcNF_H\u00d6FE_OPTIK\" srcset=\"https:\/\/fuenfhoefe.de\/wp-content\/uploads\/Teaserbild-360x360.jpg 360w, https:\/\/fuenfhoefe.de\/wp-content\/uploads\/Teaserbild-150x150.jpg 150w, https:\/\/fuenfhoefe.de\/wp-content\/uploads\/Teaserbild-216x216.jpg 216w, https:\/\/fuenfhoefe.de\/wp-content\/uploads\/Teaserbild-300x300.jpg 300w, https:\/\/fuenfhoefe.de\/wp-content\/uploads\/Teaserbild-100x100.jpg 100w\" sizes=\"auto, (max-width: 360px) 100vw, 360px\" \/>      <figcaption class=\"PostCard-caption\">\n        <h3 class=\"PostCard-category\">Jobs<\/h3>\n      <\/figcaption>\n    <\/figure>\n    <div class=\"PostCard-meta\">\n      <h4 class=\"PostCard-date\">08\/01\/2024<\/h4>\n      <h3 class=\"PostCard-title\">F\u00dcNF H\u00d6FE OPTIK Stellenangebote<\/h3>\n    <\/div>\n  <\/a>\n<\/div>\n        <\/div>\n          <\/div>\n      <\/section>\n\n","protected":false},"excerpt":{"rendered":"","protected":false},"author":5,"featured_media":1910,"parent":0,"menu_order":0,"comment_status":"closed","ping_status":"closed","template":"","meta":{"_acf_changed":false,"footnotes":""},"class_list":["post-16","page","type-page","status-publish","has-post-thumbnail","hentry"],"acf":[],"yoast_head":"<!-- This site is optimized with the Yoast SEO plugin v27.2 - https:\/\/yoast.com\/product\/yoast-seo-wordpress\/ -->\n<title>Jobs : F\u00dcNF H\u00d6FE Shopping<\/title>\n<meta name=\"robots\" content=\"index, follow, max-snippet:-1, max-image-preview:large, max-video-preview:-1\" \/>\n<link rel=\"canonical\" href=\"https:\/\/fuenfhoefe.de\/en\/jobs\/\" \/>\n<meta property=\"og:locale\" content=\"en_US\" \/>\n<meta property=\"og:type\" content=\"article\" \/>\n<meta property=\"og:title\" content=\"Jobs : F\u00dcNF H\u00d6FE Shopping\" \/>\n<meta property=\"og:url\" content=\"https:\/\/fuenfhoefe.de\/en\/jobs\/\" \/>\n<meta property=\"og:site_name\" content=\"F\u00dcNF H\u00d6FE Shopping\" \/>\n<meta property=\"article:modified_time\" content=\"2020-03-02T15:57:52+00:00\" \/>\n<meta property=\"og:image\" content=\"https:\/\/fuenfhoefe.de\/wp-content\/uploads\/UIR20820132.jpg\" \/>\n\t<meta property=\"og:image:width\" content=\"800\" \/>\n\t<meta property=\"og:image:height\" content=\"533\" \/>\n\t<meta property=\"og:image:type\" content=\"image\/jpeg\" \/>\n<meta name=\"twitter:card\" content=\"summary_large_image\" \/>\n<script type=\"application\/ld+json\" class=\"yoast-schema-graph\">{\"@context\":\"https:\/\/schema.org\",\"@graph\":[{\"@type\":\"WebPage\",\"@id\":\"https:\/\/fuenfhoefe.de\/en\/jobs\/\",\"url\":\"https:\/\/fuenfhoefe.de\/en\/jobs\/\",\"name\":\"Jobs : F\u00dcNF H\u00d6FE Shopping\",\"isPartOf\":{\"@id\":\"https:\/\/fuenfhoefe.de\/en\/#website\"},\"primaryImageOfPage\":{\"@id\":\"https:\/\/fuenfhoefe.de\/en\/jobs\/#primaryimage\"},\"image\":{\"@id\":\"https:\/\/fuenfhoefe.de\/en\/jobs\/#primaryimage\"},\"thumbnailUrl\":\"https:\/\/fuenfhoefe.de\/wp-content\/uploads\/UIR20820132.jpg\",\"datePublished\":\"2020-02-22T12:00:55+00:00\",\"dateModified\":\"2020-03-02T15:57:52+00:00\",\"breadcrumb\":{\"@id\":\"https:\/\/fuenfhoefe.de\/en\/jobs\/#breadcrumb\"},\"inLanguage\":\"en-US\",\"potentialAction\":[{\"@type\":\"ReadAction\",\"target\":[\"https:\/\/fuenfhoefe.de\/en\/jobs\/\"]}]},{\"@type\":\"ImageObject\",\"inLanguage\":\"en-US\",\"@id\":\"https:\/\/fuenfhoefe.de\/en\/jobs\/#primaryimage\",\"url\":\"https:\/\/fuenfhoefe.de\/wp-content\/uploads\/UIR20820132.jpg\",\"contentUrl\":\"https:\/\/fuenfhoefe.de\/wp-content\/uploads\/UIR20820132.jpg\",\"width\":800,\"height\":533},{\"@type\":\"BreadcrumbList\",\"@id\":\"https:\/\/fuenfhoefe.de\/en\/jobs\/#breadcrumb\",\"itemListElement\":[{\"@type\":\"ListItem\",\"position\":1,\"name\":\"Home\",\"item\":\"https:\/\/fuenfhoefe.de\/en\/\"},{\"@type\":\"ListItem\",\"position\":2,\"name\":\"Jobs\"}]},{\"@type\":\"WebSite\",\"@id\":\"https:\/\/fuenfhoefe.de\/en\/#website\",\"url\":\"https:\/\/fuenfhoefe.de\/en\/\",\"name\":\"F\u00dcNF H\u00d6FE Shopping\",\"description\":\"\",\"publisher\":{\"@id\":\"https:\/\/fuenfhoefe.de\/en\/#organization\"},\"potentialAction\":[{\"@type\":\"SearchAction\",\"target\":{\"@type\":\"EntryPoint\",\"urlTemplate\":\"https:\/\/fuenfhoefe.de\/en\/?s={search_term_string}\"},\"query-input\":{\"@type\":\"PropertyValueSpecification\",\"valueRequired\":true,\"valueName\":\"search_term_string\"}}],\"inLanguage\":\"en-US\"},{\"@type\":\"Organization\",\"@id\":\"https:\/\/fuenfhoefe.de\/en\/#organization\",\"name\":\"F\u00dcNF H\u00d6FE Shopping\",\"url\":\"https:\/\/fuenfhoefe.de\/en\/\",\"logo\":{\"@type\":\"ImageObject\",\"inLanguage\":\"en-US\",\"@id\":\"https:\/\/fuenfhoefe.de\/en\/#\/schema\/logo\/image\/\",\"url\":\"https:\/\/fuenfhoefe.de\/wp-content\/uploads\/cropped-logo-1.png\",\"contentUrl\":\"https:\/\/fuenfhoefe.de\/wp-content\/uploads\/cropped-logo-1.png\",\"width\":178,\"height\":46,\"caption\":\"F\u00dcNF H\u00d6FE Shopping\"},\"image\":{\"@id\":\"https:\/\/fuenfhoefe.de\/en\/#\/schema\/logo\/image\/\"}}]}<\/script>\n<!-- \/ Yoast SEO plugin. -->","yoast_head_json":{"title":"Jobs : F\u00dcNF H\u00d6FE Shopping","robots":{"index":"index","follow":"follow","max-snippet":"max-snippet:-1","max-image-preview":"max-image-preview:large","max-video-preview":"max-video-preview:-1"},"canonical":"https:\/\/fuenfhoefe.de\/en\/jobs\/","og_locale":"en_US","og_type":"article","og_title":"Jobs : F\u00dcNF H\u00d6FE Shopping","og_url":"https:\/\/fuenfhoefe.de\/en\/jobs\/","og_site_name":"F\u00dcNF H\u00d6FE Shopping","article_modified_time":"2020-03-02T15:57:52+00:00","og_image":[{"width":800,"height":533,"url":"https:\/\/fuenfhoefe.de\/wp-content\/uploads\/UIR20820132.jpg","type":"image\/jpeg"}],"twitter_card":"summary_large_image","schema":{"@context":"https:\/\/schema.org","@graph":[{"@type":"WebPage","@id":"https:\/\/fuenfhoefe.de\/en\/jobs\/","url":"https:\/\/fuenfhoefe.de\/en\/jobs\/","name":"Jobs : F\u00dcNF H\u00d6FE Shopping","isPartOf":{"@id":"https:\/\/fuenfhoefe.de\/en\/#website"},"primaryImageOfPage":{"@id":"https:\/\/fuenfhoefe.de\/en\/jobs\/#primaryimage"},"image":{"@id":"https:\/\/fuenfhoefe.de\/en\/jobs\/#primaryimage"},"thumbnailUrl":"https:\/\/fuenfhoefe.de\/wp-content\/uploads\/UIR20820132.jpg","datePublished":"2020-02-22T12:00:55+00:00","dateModified":"2020-03-02T15:57:52+00:00","breadcrumb":{"@id":"https:\/\/fuenfhoefe.de\/en\/jobs\/#breadcrumb"},"inLanguage":"en-US","potentialAction":[{"@type":"ReadAction","target":["https:\/\/fuenfhoefe.de\/en\/jobs\/"]}]},{"@type":"ImageObject","inLanguage":"en-US","@id":"https:\/\/fuenfhoefe.de\/en\/jobs\/#primaryimage","url":"https:\/\/fuenfhoefe.de\/wp-content\/uploads\/UIR20820132.jpg","contentUrl":"https:\/\/fuenfhoefe.de\/wp-content\/uploads\/UIR20820132.jpg","width":800,"height":533},{"@type":"BreadcrumbList","@id":"https:\/\/fuenfhoefe.de\/en\/jobs\/#breadcrumb","itemListElement":[{"@type":"ListItem","position":1,"name":"Home","item":"https:\/\/fuenfhoefe.de\/en\/"},{"@type":"ListItem","position":2,"name":"Jobs"}]},{"@type":"WebSite","@id":"https:\/\/fuenfhoefe.de\/en\/#website","url":"https:\/\/fuenfhoefe.de\/en\/","name":"F\u00dcNF H\u00d6FE Shopping","description":"","publisher":{"@id":"https:\/\/fuenfhoefe.de\/en\/#organization"},"potentialAction":[{"@type":"SearchAction","target":{"@type":"EntryPoint","urlTemplate":"https:\/\/fuenfhoefe.de\/en\/?s={search_term_string}"},"query-input":{"@type":"PropertyValueSpecification","valueRequired":true,"valueName":"search_term_string"}}],"inLanguage":"en-US"},{"@type":"Organization","@id":"https:\/\/fuenfhoefe.de\/en\/#organization","name":"F\u00dcNF H\u00d6FE Shopping","url":"https:\/\/fuenfhoefe.de\/en\/","logo":{"@type":"ImageObject","inLanguage":"en-US","@id":"https:\/\/fuenfhoefe.de\/en\/#\/schema\/logo\/image\/","url":"https:\/\/fuenfhoefe.de\/wp-content\/uploads\/cropped-logo-1.png","contentUrl":"https:\/\/fuenfhoefe.de\/wp-content\/uploads\/cropped-logo-1.png","width":178,"height":46,"caption":"F\u00dcNF H\u00d6FE Shopping"},"image":{"@id":"https:\/\/fuenfhoefe.de\/en\/#\/schema\/logo\/image\/"}}]}},"_links":{"self":[{"href":"https:\/\/fuenfhoefe.de\/en\/wp-json\/wp\/v2\/pages\/16","targetHints":{"allow":["GET"]}}],"collection":[{"href":"https:\/\/fuenfhoefe.de\/en\/wp-json\/wp\/v2\/pages"}],"about":[{"href":"https:\/\/fuenfhoefe.de\/en\/wp-json\/wp\/v2\/types\/page"}],"author":[{"embeddable":true,"href":"https:\/\/fuenfhoefe.de\/en\/wp-json\/wp\/v2\/users\/5"}],"replies":[{"embeddable":true,"href":"https:\/\/fuenfhoefe.de\/en\/wp-json\/wp\/v2\/comments?post=16"}],"version-history":[{"count":2,"href":"https:\/\/fuenfhoefe.de\/en\/wp-json\/wp\/v2\/pages\/16\/revisions"}],"predecessor-version":[{"id":1909,"href":"https:\/\/fuenfhoefe.de\/en\/wp-json\/wp\/v2\/pages\/16\/revisions\/1909"}],"wp:featuredmedia":[{"embeddable":true,"href":"https:\/\/fuenfhoefe.de\/en\/wp-json\/wp\/v2\/media\/1910"}],"wp:attachment":[{"href":"https:\/\/fuenfhoefe.de\/en\/wp-json\/wp\/v2\/media?parent=16"}],"curies":[{"name":"wp","href":"https:\/\/api.w.org\/{rel}","templated":true}]}}