{"id":22,"date":"2020-02-22T12:02:35","date_gmt":"2020-02-22T12:02:35","guid":{"rendered":"http:\/\/fuenfhoefe.de\/?page_id=22"},"modified":"2025-09-04T12:18:58","modified_gmt":"2025-09-04T10:18:58","slug":"health","status":"publish","type":"page","link":"https:\/\/fuenfhoefe.de\/en\/health\/","title":{"rendered":"Health"},"content":{"rendered":"\n<div class=\"wp-block-columns is-layout-flex wp-container-core-columns-is-layout-9d6595d7 wp-block-columns-is-layout-flex\">\n<div class=\"wp-block-column is-layout-flow wp-block-column-is-layout-flow\">\n<h1 class=\"wp-block-heading\"> FOR YOUR HEALTH <\/h1>\n<\/div>\n\n\n\n<div class=\"wp-block-column is-layout-flow wp-block-column-is-layout-flow\">\n<p><\/p>\n\n\n\n<p>Are you looking for renowned doctors in Munich with years of experience and a well-equipped practice? In a centrally located place that you can easily reach by car as well as by public transport \u2013 or by bike of course? In our CityQuartier F\u00dcNF H\u00d6FE Munich there are specialists for every treatment. Here you will find some of the best medical specialists in a wide variety of fields in the heart of the city \u2013 on Theatinerstra\u00dfe between Marienplatz and Odeonsplatz: in the CityQuartier F\u00dcNF H\u00d6FE, Munich.<\/p>\n\n\n\n<p><strong>Experts for your health<\/strong><\/p>\n\n\n\n<p>Are you looking for an ophthalmologist, dentist, dermatologist or gynaecologist? Do you need a competent practice in plastic surgery, immunology or holistic medicine? Are you looking for a practice in cardiology, internal medicine or a diabetes and hormone centre? You have come to the right place. The doctors practising in our CityQuartier F\u00dcNF H\u00d6FE Munich have the most modern technical equipment, the necessary experience and competent teams to advise and treat you individually and competently. But not only that: the patients of these practices also appreciate the friendly atmosphere in the spacious, light-flooded practices and the very special ambience of F\u00dcNF H\u00d6FE.<\/p>\n\n\n\n<p><strong>Doctors in Munich \u2013 at CityQuartier F\u00dcNF H\u00d6FE<\/strong><\/p>\n\n\n\n<p>Before or after your appointment with one of our doctors, you can connect a useful need with a pleasant visit at F\u00dcNF H\u00d6FE in Munich&#8217;s city centre and enjoy the finer things in life on the spot: Strolling, shopping, meeting friends, settling down for a drink or a snack or visiting the current exhibition at Kunsthalle M\u00fcnchen. Everything is possible!<\/p>\n\n\n\n<p>The boutiques and stores for fashion or lifestyle, furniture &amp; stationery as well as the caf\u00e9s, bars and restaurants of F\u00dcNF H\u00d6FE welcome you and are looking forward to your visit!<\/p>\n\n\n\n<p><strong>How to get to F\u00dcNF H\u00d6FE<\/strong><\/p>\n\n\n\n<p>The bus, S-Bahn and underground stops \u2013 Odeonsplatz and Marienplatz \u2013 are only a few hundred metres away from F\u00dcNF H\u00d6FE, and the tram even stops right outside the door. And if you come by car and can&#8217;t find a parking space in the streets behind the F\u00dcNF H\u00d6FE: From the car parks at the Opera House and Salvatorplatz you can walk to the F\u00dcNF H\u00d6FE in just two to three minutes. So you can reach our doctors in Munich easily by any means.<\/p>\n\n\n\n<p> &nbsp;<\/p>\n\n\n\n<p><\/p>\n\n\n\n<p><\/p>\n<\/div>\n<\/div>\n\n\n\n<div class=\"StoreList \">\n  <div class=\"StoreFilter\">\n  <div class=\"StoreFilter-wrapper\">\n    <h3 class=\"StoreFilter-category\">\n              <span>Health<\/span>\n                <\/h3>\n\n    \n    <div class=\"StoreSearch\">\n  <div class=\"StoreSearch-search\" role=\"search\">\n    <label for=\"store-search-input\" class=\"sr-only\">Search stores<\/label>\n    <input id=\"store-search-input\" class=\"StoreSearch-input js-StoreSearch-input\" type=\"text\" placeholder=\"Stores search\" aria-label=\"Search stores\">\n  <\/div>\n  <button type=\"button\" class=\"StoreSearch-icon js-StoreSearch-toggle\" aria-label=\"Toggle search\" aria-expanded=\"false\">\n    <svg aria-hidden=\"true\" focusable=\"false\">\n      <use xlink:href=\"#icon-search\"><\/use>\n    <\/svg>\n  <\/button>\n<\/div>\n  <\/div>\n<\/div>\n\n  <div class=\"StoreList-list js-StoreList\">\n                  \n<div class=\"mix StoreTile -doctor  uncategorized\" style=\"background-image: url('');\">\n  <!-- <a href=\"https:\/\/fuenfhoefe.de\/en\/health-specialist\/dentist\/\"> -->\n    <h3 class=\"StoreTile-title\">Dentistry Centre<\/h3>\n  <!-- <\/a> -->\n  <div class=\"StoreTile-desc\">\n          <ul class=\"StoreTile-categories\">\n        <li>Dr. Butz &amp; Partner <\/li>\n      <\/ul>\n      <span class=\"StoreTile-phone\">089 \/ 98 08 89<\/span>\n        <a class=\"Button -white\" href=\"https:\/\/fuenfhoefe.de\/en\/health-specialist\/dentist\/\">\n      Details    <\/a>\n  <\/div>\n<\/div>\n              \n<div class=\"mix StoreTile -doctor  uncategorized\" style=\"background-image: url('');\">\n  <!-- <a href=\"https:\/\/fuenfhoefe.de\/en\/health-specialist\/derma-tology\/\"> -->\n    <h3 class=\"StoreTile-title\">Derma\u00adtology<\/h3>\n  <!-- <\/a> -->\n  <div class=\"StoreTile-desc\">\n          <ul class=\"StoreTile-categories\">\n        <li> Dr. Claudia Graefe <\/li>\n      <\/ul>\n      <span class=\"StoreTile-phone\">089 \/18 93 25 85<\/span>\n        <a class=\"Button -white\" href=\"https:\/\/fuenfhoefe.de\/en\/health-specialist\/derma-tology\/\">\n      Details    <\/a>\n  <\/div>\n<\/div>\n              \n<div class=\"mix StoreTile -doctor  uncategorized\" style=\"background-image: url('');\">\n  <!-- <a href=\"https:\/\/fuenfhoefe.de\/en\/health-specialist\/diabetes-and-hormone-center\/\"> -->\n    <h3 class=\"StoreTile-title\">Diabetes and Hormone Center<\/h3>\n  <!-- <\/a> -->\n  <div class=\"StoreTile-desc\">\n          <ul class=\"StoreTile-categories\">\n        <li> Dr. med. Michael M\u00fcller <\/li>\n      <\/ul>\n      <span class=\"StoreTile-phone\">089 \/ 24 21 76 66<\/span>\n        <a class=\"Button -white\" href=\"https:\/\/fuenfhoefe.de\/en\/health-specialist\/diabetes-and-hormone-center\/\">\n      Details    <\/a>\n  <\/div>\n<\/div>\n              \n<div class=\"mix StoreTile -doctor  uncategorized\" style=\"background-image: url('');\">\n  <!-- <a href=\"https:\/\/fuenfhoefe.de\/en\/health-specialist\/gynae-cology\/\"> -->\n    <h3 class=\"StoreTile-title\">Gynaecology<\/h3>\n  <!-- <\/a> -->\n  <div class=\"StoreTile-desc\">\n          <ul class=\"StoreTile-categories\">\n        <li>Dr. Stefan Albrich and Colleagues<\/li>\n      <\/ul>\n      <span class=\"StoreTile-phone\">089 \/ 25 55 95 90<\/span>\n        <a class=\"Button -white\" href=\"https:\/\/fuenfhoefe.de\/en\/health-specialist\/gynae-cology\/\">\n      Details    <\/a>\n  <\/div>\n<\/div>\n              \n<div class=\"mix StoreTile -doctor  uncategorized\" style=\"background-image: url('');\">\n  <!-- <a href=\"https:\/\/fuenfhoefe.de\/en\/health-specialist\/immunology\/\"> -->\n    <h3 class=\"StoreTile-title\">Immunology, Cardiology &amp; Holistic Health<\/h3>\n  <!-- <\/a> -->\n  <div class=\"StoreTile-desc\">\n          <ul class=\"StoreTile-categories\">\n        <li>Dr. med. Tino M\u00fcller,\r\nDr. med. Thomas Raeder\r\n<\/li>\n      <\/ul>\n      <span class=\"StoreTile-phone\">089 \/ 22 16 090<\/span>\n        <a class=\"Button -white\" href=\"https:\/\/fuenfhoefe.de\/en\/health-specialist\/immunology\/\">\n      Details    <\/a>\n  <\/div>\n<\/div>\n              \n<div class=\"mix StoreTile -doctor  uncategorized\" style=\"background-image: url('');\">\n  <!-- <a href=\"https:\/\/fuenfhoefe.de\/en\/health-specialist\/ophthal-mologist\/\"> -->\n    <h3 class=\"StoreTile-title\">Ophthalmologist<\/h3>\n  <!-- <\/a> -->\n  <div class=\"StoreTile-desc\">\n          <ul class=\"StoreTile-categories\">\n        <li> Dr. med. Stephan Fr\u00f6hlich\r\nDr. med. Thomas Carl<\/li>\n      <\/ul>\n      <span class=\"StoreTile-phone\">089 \/ 20 20 73 73<\/span>\n        <a class=\"Button -white\" href=\"https:\/\/fuenfhoefe.de\/en\/health-specialist\/ophthal-mologist\/\">\n      Details    <\/a>\n  <\/div>\n<\/div>\n              \n<div class=\"mix StoreTile -doctor  uncategorized\" style=\"background-image: url('');\">\n  <!-- <a href=\"https:\/\/fuenfhoefe.de\/en\/health-specialist\/orthodontia\/\"> -->\n    <h3 class=\"StoreTile-title\">Orthodontics<\/h3>\n  <!-- <\/a> -->\n  <div class=\"StoreTile-desc\">\n          <ul class=\"StoreTile-categories\">\n        <li>Dr. Felix Kirchner,\r\nDr. Christina Raptarchis,\r\n&amp; colleagues<\/li>\n      <\/ul>\n      <span class=\"StoreTile-phone\">089 \/ 23 02 46 70<\/span>\n        <a class=\"Button -white\" href=\"https:\/\/fuenfhoefe.de\/en\/health-specialist\/orthodontia\/\">\n      Details    <\/a>\n  <\/div>\n<\/div>\n              \n<div class=\"mix StoreTile -doctor  uncategorized\" style=\"background-image: url('');\">\n  <!-- <a href=\"https:\/\/fuenfhoefe.de\/en\/health-specialist\/plastic-and-aesthetic-surgery\/\"> -->\n    <h3 class=\"StoreTile-title\">Plastic and aesthetic surgery<\/h3>\n  <!-- <\/a> -->\n  <div class=\"StoreTile-desc\">\n          <ul class=\"StoreTile-categories\">\n        <li>Prof. asoc. Dr. Stefan Gress <\/li>\n      <\/ul>\n      <span class=\"StoreTile-phone\">089 \/24 22 39 22<\/span>\n        <a class=\"Button -white\" href=\"https:\/\/fuenfhoefe.de\/en\/health-specialist\/plastic-and-aesthetic-surgery\/\">\n      Details    <\/a>\n  <\/div>\n<\/div>\n              \n<div class=\"mix StoreTile -doctor  uncategorized\" style=\"background-image: url('');\">\n  <!-- <a href=\"https:\/\/fuenfhoefe.de\/en\/health-specialist\/zentrum-innere-medizin-funf-hofe\/\"> -->\n    <h3 class=\"StoreTile-title\">Center for Internal Medicine<\/h3>\n  <!-- <\/a> -->\n  <div class=\"StoreTile-desc\">\n          <ul class=\"StoreTile-categories\">\n        <li>Prof. Dr. Petra-Maria Schumm-Draeger \r\n&amp; Colleagues<\/li>\n      <\/ul>\n      <span class=\"StoreTile-phone\">089 \/ 44 388 92 00<\/span>\n        <a class=\"Button -white\" href=\"https:\/\/fuenfhoefe.de\/en\/health-specialist\/zentrum-innere-medizin-funf-hofe\/\">\n      Details    <\/a>\n  <\/div>\n<\/div>\n            <\/div>\n<\/div>\n","protected":false},"excerpt":{"rendered":"<p>FOR YOUR HEALTH Are you looking for renowned doctors in Munich with years of experience and a well-equipped practice? In a centrally located place that you can easily reach by car as well as by public transport \u2013 or by bike of course? In our CityQuartier F\u00dcNF H\u00d6FE Munich there are specialists for every treatment. [&hellip;]<\/p>\n","protected":false},"author":5,"featured_media":2853,"parent":0,"menu_order":0,"comment_status":"closed","ping_status":"closed","template":"","meta":{"_acf_changed":false,"footnotes":""},"class_list":["post-22","page","type-page","status-publish","has-post-thumbnail","hentry"],"acf":[],"yoast_head":"<!-- This site is optimized with the Yoast SEO plugin v27.2 - https:\/\/yoast.com\/product\/yoast-seo-wordpress\/ -->\n<title>Health : F\u00dcNF H\u00d6FE Shopping<\/title>\n<meta name=\"robots\" content=\"index, follow, max-snippet:-1, max-image-preview:large, max-video-preview:-1\" \/>\n<link rel=\"canonical\" href=\"https:\/\/fuenfhoefe.de\/en\/health\/\" \/>\n<meta property=\"og:locale\" content=\"en_US\" \/>\n<meta property=\"og:type\" content=\"article\" \/>\n<meta property=\"og:title\" content=\"Health : F\u00dcNF H\u00d6FE Shopping\" \/>\n<meta property=\"og:description\" content=\"FOR YOUR HEALTH Are you looking for renowned doctors in Munich with years of experience and a well-equipped practice? In a centrally located place that you can easily reach by car as well as by public transport \u2013 or by bike of course? In our CityQuartier F\u00dcNF H\u00d6FE Munich there are specialists for every treatment. [&hellip;]\" \/>\n<meta property=\"og:url\" content=\"https:\/\/fuenfhoefe.de\/en\/health\/\" \/>\n<meta property=\"og:site_name\" content=\"F\u00dcNF H\u00d6FE Shopping\" \/>\n<meta property=\"article:modified_time\" content=\"2025-09-04T10:18:58+00:00\" \/>\n<meta property=\"og:image\" content=\"https:\/\/fuenfhoefe.de\/wp-content\/uploads\/health_hero.jpg\" \/>\n\t<meta property=\"og:image:width\" content=\"1900\" \/>\n\t<meta property=\"og:image:height\" content=\"879\" \/>\n\t<meta property=\"og:image:type\" content=\"image\/jpeg\" \/>\n<meta name=\"twitter:card\" content=\"summary_large_image\" \/>\n<meta name=\"twitter:label1\" content=\"Est. reading time\" \/>\n\t<meta name=\"twitter:data1\" content=\"2 minutes\" \/>\n<script type=\"application\/ld+json\" class=\"yoast-schema-graph\">{\"@context\":\"https:\/\/schema.org\",\"@graph\":[{\"@type\":\"WebPage\",\"@id\":\"https:\/\/fuenfhoefe.de\/en\/health\/\",\"url\":\"https:\/\/fuenfhoefe.de\/en\/health\/\",\"name\":\"Health : F\u00dcNF H\u00d6FE Shopping\",\"isPartOf\":{\"@id\":\"https:\/\/fuenfhoefe.de\/en\/#website\"},\"primaryImageOfPage\":{\"@id\":\"https:\/\/fuenfhoefe.de\/en\/health\/#primaryimage\"},\"image\":{\"@id\":\"https:\/\/fuenfhoefe.de\/en\/health\/#primaryimage\"},\"thumbnailUrl\":\"https:\/\/fuenfhoefe.de\/wp-content\/uploads\/health_hero.jpg\",\"datePublished\":\"2020-02-22T12:02:35+00:00\",\"dateModified\":\"2025-09-04T10:18:58+00:00\",\"breadcrumb\":{\"@id\":\"https:\/\/fuenfhoefe.de\/en\/health\/#breadcrumb\"},\"inLanguage\":\"en-US\",\"potentialAction\":[{\"@type\":\"ReadAction\",\"target\":[\"https:\/\/fuenfhoefe.de\/en\/health\/\"]}]},{\"@type\":\"ImageObject\",\"inLanguage\":\"en-US\",\"@id\":\"https:\/\/fuenfhoefe.de\/en\/health\/#primaryimage\",\"url\":\"https:\/\/fuenfhoefe.de\/wp-content\/uploads\/health_hero.jpg\",\"contentUrl\":\"https:\/\/fuenfhoefe.de\/wp-content\/uploads\/health_hero.jpg\",\"width\":1900,\"height\":879},{\"@type\":\"BreadcrumbList\",\"@id\":\"https:\/\/fuenfhoefe.de\/en\/health\/#breadcrumb\",\"itemListElement\":[{\"@type\":\"ListItem\",\"position\":1,\"name\":\"Home\",\"item\":\"https:\/\/fuenfhoefe.de\/en\/\"},{\"@type\":\"ListItem\",\"position\":2,\"name\":\"Health\"}]},{\"@type\":\"WebSite\",\"@id\":\"https:\/\/fuenfhoefe.de\/en\/#website\",\"url\":\"https:\/\/fuenfhoefe.de\/en\/\",\"name\":\"F\u00dcNF H\u00d6FE Shopping\",\"description\":\"\",\"publisher\":{\"@id\":\"https:\/\/fuenfhoefe.de\/en\/#organization\"},\"potentialAction\":[{\"@type\":\"SearchAction\",\"target\":{\"@type\":\"EntryPoint\",\"urlTemplate\":\"https:\/\/fuenfhoefe.de\/en\/?s={search_term_string}\"},\"query-input\":{\"@type\":\"PropertyValueSpecification\",\"valueRequired\":true,\"valueName\":\"search_term_string\"}}],\"inLanguage\":\"en-US\"},{\"@type\":\"Organization\",\"@id\":\"https:\/\/fuenfhoefe.de\/en\/#organization\",\"name\":\"F\u00dcNF H\u00d6FE Shopping\",\"url\":\"https:\/\/fuenfhoefe.de\/en\/\",\"logo\":{\"@type\":\"ImageObject\",\"inLanguage\":\"en-US\",\"@id\":\"https:\/\/fuenfhoefe.de\/en\/#\/schema\/logo\/image\/\",\"url\":\"https:\/\/fuenfhoefe.de\/wp-content\/uploads\/cropped-logo-1.png\",\"contentUrl\":\"https:\/\/fuenfhoefe.de\/wp-content\/uploads\/cropped-logo-1.png\",\"width\":178,\"height\":46,\"caption\":\"F\u00dcNF H\u00d6FE Shopping\"},\"image\":{\"@id\":\"https:\/\/fuenfhoefe.de\/en\/#\/schema\/logo\/image\/\"}}]}<\/script>\n<!-- \/ Yoast SEO plugin. -->","yoast_head_json":{"title":"Health : F\u00dcNF H\u00d6FE Shopping","robots":{"index":"index","follow":"follow","max-snippet":"max-snippet:-1","max-image-preview":"max-image-preview:large","max-video-preview":"max-video-preview:-1"},"canonical":"https:\/\/fuenfhoefe.de\/en\/health\/","og_locale":"en_US","og_type":"article","og_title":"Health : F\u00dcNF H\u00d6FE Shopping","og_description":"FOR YOUR HEALTH Are you looking for renowned doctors in Munich with years of experience and a well-equipped practice? In a centrally located place that you can easily reach by car as well as by public transport \u2013 or by bike of course? In our CityQuartier F\u00dcNF H\u00d6FE Munich there are specialists for every treatment. [&hellip;]","og_url":"https:\/\/fuenfhoefe.de\/en\/health\/","og_site_name":"F\u00dcNF H\u00d6FE Shopping","article_modified_time":"2025-09-04T10:18:58+00:00","og_image":[{"width":1900,"height":879,"url":"https:\/\/fuenfhoefe.de\/wp-content\/uploads\/health_hero.jpg","type":"image\/jpeg"}],"twitter_card":"summary_large_image","twitter_misc":{"Est. reading time":"2 minutes"},"schema":{"@context":"https:\/\/schema.org","@graph":[{"@type":"WebPage","@id":"https:\/\/fuenfhoefe.de\/en\/health\/","url":"https:\/\/fuenfhoefe.de\/en\/health\/","name":"Health : F\u00dcNF H\u00d6FE Shopping","isPartOf":{"@id":"https:\/\/fuenfhoefe.de\/en\/#website"},"primaryImageOfPage":{"@id":"https:\/\/fuenfhoefe.de\/en\/health\/#primaryimage"},"image":{"@id":"https:\/\/fuenfhoefe.de\/en\/health\/#primaryimage"},"thumbnailUrl":"https:\/\/fuenfhoefe.de\/wp-content\/uploads\/health_hero.jpg","datePublished":"2020-02-22T12:02:35+00:00","dateModified":"2025-09-04T10:18:58+00:00","breadcrumb":{"@id":"https:\/\/fuenfhoefe.de\/en\/health\/#breadcrumb"},"inLanguage":"en-US","potentialAction":[{"@type":"ReadAction","target":["https:\/\/fuenfhoefe.de\/en\/health\/"]}]},{"@type":"ImageObject","inLanguage":"en-US","@id":"https:\/\/fuenfhoefe.de\/en\/health\/#primaryimage","url":"https:\/\/fuenfhoefe.de\/wp-content\/uploads\/health_hero.jpg","contentUrl":"https:\/\/fuenfhoefe.de\/wp-content\/uploads\/health_hero.jpg","width":1900,"height":879},{"@type":"BreadcrumbList","@id":"https:\/\/fuenfhoefe.de\/en\/health\/#breadcrumb","itemListElement":[{"@type":"ListItem","position":1,"name":"Home","item":"https:\/\/fuenfhoefe.de\/en\/"},{"@type":"ListItem","position":2,"name":"Health"}]},{"@type":"WebSite","@id":"https:\/\/fuenfhoefe.de\/en\/#website","url":"https:\/\/fuenfhoefe.de\/en\/","name":"F\u00dcNF H\u00d6FE Shopping","description":"","publisher":{"@id":"https:\/\/fuenfhoefe.de\/en\/#organization"},"potentialAction":[{"@type":"SearchAction","target":{"@type":"EntryPoint","urlTemplate":"https:\/\/fuenfhoefe.de\/en\/?s={search_term_string}"},"query-input":{"@type":"PropertyValueSpecification","valueRequired":true,"valueName":"search_term_string"}}],"inLanguage":"en-US"},{"@type":"Organization","@id":"https:\/\/fuenfhoefe.de\/en\/#organization","name":"F\u00dcNF H\u00d6FE Shopping","url":"https:\/\/fuenfhoefe.de\/en\/","logo":{"@type":"ImageObject","inLanguage":"en-US","@id":"https:\/\/fuenfhoefe.de\/en\/#\/schema\/logo\/image\/","url":"https:\/\/fuenfhoefe.de\/wp-content\/uploads\/cropped-logo-1.png","contentUrl":"https:\/\/fuenfhoefe.de\/wp-content\/uploads\/cropped-logo-1.png","width":178,"height":46,"caption":"F\u00dcNF H\u00d6FE Shopping"},"image":{"@id":"https:\/\/fuenfhoefe.de\/en\/#\/schema\/logo\/image\/"}}]}},"_links":{"self":[{"href":"https:\/\/fuenfhoefe.de\/en\/wp-json\/wp\/v2\/pages\/22","targetHints":{"allow":["GET"]}}],"collection":[{"href":"https:\/\/fuenfhoefe.de\/en\/wp-json\/wp\/v2\/pages"}],"about":[{"href":"https:\/\/fuenfhoefe.de\/en\/wp-json\/wp\/v2\/types\/page"}],"author":[{"embeddable":true,"href":"https:\/\/fuenfhoefe.de\/en\/wp-json\/wp\/v2\/users\/5"}],"replies":[{"embeddable":true,"href":"https:\/\/fuenfhoefe.de\/en\/wp-json\/wp\/v2\/comments?post=22"}],"version-history":[{"count":8,"href":"https:\/\/fuenfhoefe.de\/en\/wp-json\/wp\/v2\/pages\/22\/revisions"}],"predecessor-version":[{"id":14850,"href":"https:\/\/fuenfhoefe.de\/en\/wp-json\/wp\/v2\/pages\/22\/revisions\/14850"}],"wp:featuredmedia":[{"embeddable":true,"href":"https:\/\/fuenfhoefe.de\/en\/wp-json\/wp\/v2\/media\/2853"}],"wp:attachment":[{"href":"https:\/\/fuenfhoefe.de\/en\/wp-json\/wp\/v2\/media?parent=22"}],"curies":[{"name":"wp","href":"https:\/\/api.w.org\/{rel}","templated":true}]}}