{"id":26,"date":"2020-02-22T12:03:21","date_gmt":"2020-02-22T12:03:21","guid":{"rendered":"http:\/\/fuenfhoefe.de\/?page_id=26"},"modified":"2025-09-04T12:19:49","modified_gmt":"2025-09-04T10:19:49","slug":"history","status":"publish","type":"page","link":"https:\/\/fuenfhoefe.de\/en\/history\/","title":{"rendered":"F\u00dcNF H\u00d6FE"},"content":{"rendered":"\n<div class=\"wp-block-columns is-layout-flex wp-container-core-columns-is-layout-9d6595d7 wp-block-columns-is-layout-flex\">\n<div class=\"wp-block-column is-layout-flow wp-block-column-is-layout-flow\">\n<h1 class=\"wp-block-heading\">THE NEW OLD HEART OF THE CITY<\/h1>\n<\/div>\n\n\n\n<div class=\"wp-block-column is-layout-flow wp-block-column-is-layout-flow\">\n<p><strong>The history of F\u00dcNF H\u00d6FE<\/strong><\/p>\n\n\n\n<p>F\u00dcNF H\u00d6FE Munich. This is where people shop, stroll, wander. This is where you can relax. Here you can take a break from everyday\u2018s life. This is where people meet. For a cappuccino or a spritz, for brunch and lunch. This is where the evening ends. And this is where culture and fashion brands, architecture and art are at home.<\/p>\n\n\n\n<p>In the middle of Munich&#8217;s city centre, where the Bayerische Hypotheken- und Wechselbank and Bayerische Vereinsbank once resided, the CityQuartier F\u00dcNF H\u00d6FE has been inviting visitors to stroll and shop, enjoy and work since 2001. Designed by the famous Swiss architects Herzog &amp; de Meuron, the CityQuartier F\u00dcNF H\u00d6FE is located in Munich&#8217;s oldest urban area ever: the Kreuzviertel. The F\u00dcNF H\u00d6FE were completed in 2003.<\/p>\n\n\n\n<p><strong>A fresh breeze in centuries-old history<\/strong><\/p>\n\n\n\n<p>The historic heart of the city between Marienplatz, Promenadeplatz, Salvatorplatz and Theatinerstra\u00dfe is now home to a new life: an exciting and stimulating cosmos of more than 60 shops and a dozen caf\u00e9s, bars and restaurants welcomes you on an area of around 17,000 m\u00b2. Right in the middle:&nbsp;<a href=\"https:\/\/fuenfhoefe.de\/en\/shops\/kunsthalle-munich\/\">the Kunsthalle M\u00fcnchen<\/a>&nbsp;with changing themed exhibitions \u2013 from Rembrandt-Tizian-Bellotto to Giacometti, L\u00fcpertz and Baselitz, with shows of works by Jean Paul Gaultier, Thierry Mugler and Peter Lindbergh or wonderful themed exhibitions on &#8220;Faust&#8221; or &#8220;Thrill of Deception&#8221;, which have delighted an art-loving public since they opened in 1985.<\/p>\n\n\n\n<p>Moments, encounters, inspirations that make every stay unique. Experience a unique blend of fashion, lifestyle, art and pleasure, modernity and history in an architectural synthesis of the arts that attracts more than 7 million visitors every year: CityQuartier F\u00dcNF H\u00d6FE.<\/p>\n\n\n\n<p><\/p>\n\n\n\n<p><\/p>\n<\/div>\n<\/div>\n\n\n\n<div class=\"ParallaxImage \">\n  <img decoding=\"async\"\n    class=\"ParallaxImage-image js-parallax\"\n    data-rellax-percentage=\"0.35\"\n    data-rellax-speed=\"-7\"\n    src=\"https:\/\/fuenfhoefe.de\/wp-content\/uploads\/banner_history.jpg\"\n    alt=\"\"\n  >\n<\/div>\n\n\n\n<div class=\"wp-block-columns is-layout-flex wp-container-core-columns-is-layout-9d6595d7 wp-block-columns-is-layout-flex\">\n<div class=\"wp-block-column is-layout-flow wp-block-column-is-layout-flow\">\n<h2 class=\"wp-block-heading\">ENSEMBLE BETWEEN HISTORY AND MODERNITY<\/h2>\n<\/div>\n\n\n\n<div class=\"wp-block-column is-layout-flow wp-block-column-is-layout-flow\">\n<p>The design by the Swiss architects Herzog &amp; de Meuron \u2013 the same ones who years later would also design Munich&#8217;s Allianz Arena, the Olympic Stadium in Beijing and Hamburg&#8217;s Elbphilharmonie \u2013 quotes the courtyards of the nearby Munich Residenz. Herzog &amp; de Meuron also succeeded in creating new, more spacious rooms for the Hypo Kunsthalle, which opened in 1985.<\/p>\n\n\n\n<p>From the outside, the true dimensions of the spacious area of F\u00dcNF H\u00d6FE Munich are not apparent. A stroll through the interior passages quickly reveals what a harmonious alliance historical and contemporary buildings are forming here. History comes alive. Transparency, generosity and architectural diversity characterise the passages and inner courtyards. The constant alternation between open and covered areas is characteristic. On ceilings and walls: a rendezvous of the most diverse stylistic elements \u2013 refined mirror effects, shimmering glass sequins, lush hanging plants. And again and again, daylight where you wouldn&#8217;t expect it. Let yourself be inspired. From living history and current style. Enjoy Munich&#8217;s flair in one of the most beautiful shopping miles, which will surprise you again and again.&nbsp;<\/p>\n\n\n\n<p><\/p>\n\n\n\n<p><\/p>\n<\/div>\n<\/div>\n\n\n\n<div class=\"wp-block-columns is-layout-flex wp-container-core-columns-is-layout-9d6595d7 wp-block-columns-is-layout-flex\">\n<div class=\"wp-block-column is-layout-flow wp-block-column-is-layout-flow\">\n<p><strong>Open to artists from all over the world<\/strong><\/p>\n\n\n\n<p>The artistic concept of CityQuartier F\u00dcNF H\u00d6FE bears witness to spontaneous cosmopolitanism. Geometric or bimorph shapes, surfaces with hidden messages and amazing reflections create space for artfully staged perception. For example, in the vault of the Prannerpassage, where thousands of glass sequins from the workshops of the Mayer\u2019sche Hofkunstanstalt throw modulated beams of light at each other. In the \u201changing gardens\u201d by artist Tita Giese from D\u00fcsseldorf on the ceiling of the Salvatorpassage, which invert the feeling of above and below.<\/p>\n\n\n<div class=\"wp-block-image\">\n<figure class=\"aligncenter size-large\"><img loading=\"lazy\" decoding=\"async\" width=\"413\" height=\"233\" src=\"http:\/\/fuenfhoefe.de\/wp-content\/uploads\/atmo.jpg\" alt=\"\" class=\"wp-image-2793\" srcset=\"https:\/\/fuenfhoefe.de\/wp-content\/uploads\/atmo.jpg 413w, https:\/\/fuenfhoefe.de\/wp-content\/uploads\/atmo-300x169.jpg 300w\" sizes=\"auto, (max-width: 413px) 100vw, 413px\" \/><\/figure>\n<\/div>\n\n\n<p>In the artwork \u201csphere\u201d by the Icelandic artist Olafur Eliasson, which hovers above the heads of passers-by in the Viscardihof, seemingly removed from the earth&#8217;s gravity. In the sunken landscapes of Thomas Ruff and the conceptual texts of R\u00e9my Zaugg, which are hidden in the concrete floor in many places. Or in the perforated steel curtain above the main entrance on Theatinerstrasse, reminiscent of a crocheted winter scarf. Enter the CityQuartier F\u00dcNF H\u00d6FE Munich, immerse yourself in history and modernity and discover your personal associations in a unique ensemble of history and architecture, art and culture.<\/p>\n<\/div>\n\n\n\n<div class=\"wp-block-column is-layout-flow wp-block-column-is-layout-flow\"><\/div>\n<\/div>\n","protected":false},"excerpt":{"rendered":"<p>THE NEW OLD HEART OF THE CITY The history of F\u00dcNF H\u00d6FE F\u00dcNF H\u00d6FE Munich. This is where people shop, stroll, wander. This is where you can relax. Here you can take a break from everyday\u2018s life. This is where people meet. For a cappuccino or a spritz, for brunch and lunch. This is where [&hellip;]<\/p>\n","protected":false},"author":5,"featured_media":2787,"parent":0,"menu_order":0,"comment_status":"closed","ping_status":"closed","template":"","meta":{"_acf_changed":false,"footnotes":""},"class_list":["post-26","page","type-page","status-publish","has-post-thumbnail","hentry"],"acf":[],"yoast_head":"<!-- This site is optimized with the Yoast SEO plugin v27.2 - https:\/\/yoast.com\/product\/yoast-seo-wordpress\/ -->\n<title>F\u00dcNF H\u00d6FE : F\u00dcNF H\u00d6FE Shopping<\/title>\n<meta name=\"robots\" content=\"index, follow, max-snippet:-1, max-image-preview:large, max-video-preview:-1\" \/>\n<link rel=\"canonical\" href=\"https:\/\/fuenfhoefe.de\/en\/history\/\" \/>\n<meta property=\"og:locale\" content=\"en_US\" \/>\n<meta property=\"og:type\" content=\"article\" \/>\n<meta property=\"og:title\" content=\"F\u00dcNF H\u00d6FE : F\u00dcNF H\u00d6FE Shopping\" \/>\n<meta property=\"og:description\" content=\"THE NEW OLD HEART OF THE CITY The history of F\u00dcNF H\u00d6FE F\u00dcNF H\u00d6FE Munich. This is where people shop, stroll, wander. This is where you can relax. Here you can take a break from everyday\u2018s life. This is where people meet. For a cappuccino or a spritz, for brunch and lunch. This is where [&hellip;]\" \/>\n<meta property=\"og:url\" content=\"https:\/\/fuenfhoefe.de\/en\/history\/\" \/>\n<meta property=\"og:site_name\" content=\"F\u00dcNF H\u00d6FE Shopping\" \/>\n<meta property=\"article:modified_time\" content=\"2025-09-04T10:19:49+00:00\" \/>\n<meta property=\"og:image\" content=\"https:\/\/fuenfhoefe.de\/wp-content\/uploads\/history-1.jpg\" \/>\n\t<meta property=\"og:image:width\" content=\"1900\" \/>\n\t<meta property=\"og:image:height\" content=\"796\" \/>\n\t<meta property=\"og:image:type\" content=\"image\/jpeg\" \/>\n<meta name=\"twitter:card\" content=\"summary_large_image\" \/>\n<meta name=\"twitter:label1\" content=\"Est. reading time\" \/>\n\t<meta name=\"twitter:data1\" content=\"1 minute\" \/>\n<script type=\"application\/ld+json\" class=\"yoast-schema-graph\">{\"@context\":\"https:\/\/schema.org\",\"@graph\":[{\"@type\":\"WebPage\",\"@id\":\"https:\/\/fuenfhoefe.de\/en\/history\/\",\"url\":\"https:\/\/fuenfhoefe.de\/en\/history\/\",\"name\":\"F\u00dcNF H\u00d6FE : F\u00dcNF H\u00d6FE Shopping\",\"isPartOf\":{\"@id\":\"https:\/\/fuenfhoefe.de\/en\/#website\"},\"primaryImageOfPage\":{\"@id\":\"https:\/\/fuenfhoefe.de\/en\/history\/#primaryimage\"},\"image\":{\"@id\":\"https:\/\/fuenfhoefe.de\/en\/history\/#primaryimage\"},\"thumbnailUrl\":\"https:\/\/fuenfhoefe.de\/wp-content\/uploads\/history-1.jpg\",\"datePublished\":\"2020-02-22T12:03:21+00:00\",\"dateModified\":\"2025-09-04T10:19:49+00:00\",\"breadcrumb\":{\"@id\":\"https:\/\/fuenfhoefe.de\/en\/history\/#breadcrumb\"},\"inLanguage\":\"en-US\",\"potentialAction\":[{\"@type\":\"ReadAction\",\"target\":[\"https:\/\/fuenfhoefe.de\/en\/history\/\"]}]},{\"@type\":\"ImageObject\",\"inLanguage\":\"en-US\",\"@id\":\"https:\/\/fuenfhoefe.de\/en\/history\/#primaryimage\",\"url\":\"https:\/\/fuenfhoefe.de\/wp-content\/uploads\/history-1.jpg\",\"contentUrl\":\"https:\/\/fuenfhoefe.de\/wp-content\/uploads\/history-1.jpg\",\"width\":1900,\"height\":796},{\"@type\":\"BreadcrumbList\",\"@id\":\"https:\/\/fuenfhoefe.de\/en\/history\/#breadcrumb\",\"itemListElement\":[{\"@type\":\"ListItem\",\"position\":1,\"name\":\"Home\",\"item\":\"https:\/\/fuenfhoefe.de\/en\/\"},{\"@type\":\"ListItem\",\"position\":2,\"name\":\"F\u00dcNF H\u00d6FE\"}]},{\"@type\":\"WebSite\",\"@id\":\"https:\/\/fuenfhoefe.de\/en\/#website\",\"url\":\"https:\/\/fuenfhoefe.de\/en\/\",\"name\":\"F\u00dcNF H\u00d6FE Shopping\",\"description\":\"\",\"publisher\":{\"@id\":\"https:\/\/fuenfhoefe.de\/en\/#organization\"},\"potentialAction\":[{\"@type\":\"SearchAction\",\"target\":{\"@type\":\"EntryPoint\",\"urlTemplate\":\"https:\/\/fuenfhoefe.de\/en\/?s={search_term_string}\"},\"query-input\":{\"@type\":\"PropertyValueSpecification\",\"valueRequired\":true,\"valueName\":\"search_term_string\"}}],\"inLanguage\":\"en-US\"},{\"@type\":\"Organization\",\"@id\":\"https:\/\/fuenfhoefe.de\/en\/#organization\",\"name\":\"F\u00dcNF H\u00d6FE Shopping\",\"url\":\"https:\/\/fuenfhoefe.de\/en\/\",\"logo\":{\"@type\":\"ImageObject\",\"inLanguage\":\"en-US\",\"@id\":\"https:\/\/fuenfhoefe.de\/en\/#\/schema\/logo\/image\/\",\"url\":\"https:\/\/fuenfhoefe.de\/wp-content\/uploads\/cropped-logo-1.png\",\"contentUrl\":\"https:\/\/fuenfhoefe.de\/wp-content\/uploads\/cropped-logo-1.png\",\"width\":178,\"height\":46,\"caption\":\"F\u00dcNF H\u00d6FE Shopping\"},\"image\":{\"@id\":\"https:\/\/fuenfhoefe.de\/en\/#\/schema\/logo\/image\/\"}}]}<\/script>\n<!-- \/ Yoast SEO plugin. -->","yoast_head_json":{"title":"F\u00dcNF H\u00d6FE : F\u00dcNF H\u00d6FE Shopping","robots":{"index":"index","follow":"follow","max-snippet":"max-snippet:-1","max-image-preview":"max-image-preview:large","max-video-preview":"max-video-preview:-1"},"canonical":"https:\/\/fuenfhoefe.de\/en\/history\/","og_locale":"en_US","og_type":"article","og_title":"F\u00dcNF H\u00d6FE : F\u00dcNF H\u00d6FE Shopping","og_description":"THE NEW OLD HEART OF THE CITY The history of F\u00dcNF H\u00d6FE F\u00dcNF H\u00d6FE Munich. This is where people shop, stroll, wander. This is where you can relax. Here you can take a break from everyday\u2018s life. This is where people meet. For a cappuccino or a spritz, for brunch and lunch. This is where [&hellip;]","og_url":"https:\/\/fuenfhoefe.de\/en\/history\/","og_site_name":"F\u00dcNF H\u00d6FE Shopping","article_modified_time":"2025-09-04T10:19:49+00:00","og_image":[{"width":1900,"height":796,"url":"https:\/\/fuenfhoefe.de\/wp-content\/uploads\/history-1.jpg","type":"image\/jpeg"}],"twitter_card":"summary_large_image","twitter_misc":{"Est. reading time":"1 minute"},"schema":{"@context":"https:\/\/schema.org","@graph":[{"@type":"WebPage","@id":"https:\/\/fuenfhoefe.de\/en\/history\/","url":"https:\/\/fuenfhoefe.de\/en\/history\/","name":"F\u00dcNF H\u00d6FE : F\u00dcNF H\u00d6FE Shopping","isPartOf":{"@id":"https:\/\/fuenfhoefe.de\/en\/#website"},"primaryImageOfPage":{"@id":"https:\/\/fuenfhoefe.de\/en\/history\/#primaryimage"},"image":{"@id":"https:\/\/fuenfhoefe.de\/en\/history\/#primaryimage"},"thumbnailUrl":"https:\/\/fuenfhoefe.de\/wp-content\/uploads\/history-1.jpg","datePublished":"2020-02-22T12:03:21+00:00","dateModified":"2025-09-04T10:19:49+00:00","breadcrumb":{"@id":"https:\/\/fuenfhoefe.de\/en\/history\/#breadcrumb"},"inLanguage":"en-US","potentialAction":[{"@type":"ReadAction","target":["https:\/\/fuenfhoefe.de\/en\/history\/"]}]},{"@type":"ImageObject","inLanguage":"en-US","@id":"https:\/\/fuenfhoefe.de\/en\/history\/#primaryimage","url":"https:\/\/fuenfhoefe.de\/wp-content\/uploads\/history-1.jpg","contentUrl":"https:\/\/fuenfhoefe.de\/wp-content\/uploads\/history-1.jpg","width":1900,"height":796},{"@type":"BreadcrumbList","@id":"https:\/\/fuenfhoefe.de\/en\/history\/#breadcrumb","itemListElement":[{"@type":"ListItem","position":1,"name":"Home","item":"https:\/\/fuenfhoefe.de\/en\/"},{"@type":"ListItem","position":2,"name":"F\u00dcNF H\u00d6FE"}]},{"@type":"WebSite","@id":"https:\/\/fuenfhoefe.de\/en\/#website","url":"https:\/\/fuenfhoefe.de\/en\/","name":"F\u00dcNF H\u00d6FE Shopping","description":"","publisher":{"@id":"https:\/\/fuenfhoefe.de\/en\/#organization"},"potentialAction":[{"@type":"SearchAction","target":{"@type":"EntryPoint","urlTemplate":"https:\/\/fuenfhoefe.de\/en\/?s={search_term_string}"},"query-input":{"@type":"PropertyValueSpecification","valueRequired":true,"valueName":"search_term_string"}}],"inLanguage":"en-US"},{"@type":"Organization","@id":"https:\/\/fuenfhoefe.de\/en\/#organization","name":"F\u00dcNF H\u00d6FE Shopping","url":"https:\/\/fuenfhoefe.de\/en\/","logo":{"@type":"ImageObject","inLanguage":"en-US","@id":"https:\/\/fuenfhoefe.de\/en\/#\/schema\/logo\/image\/","url":"https:\/\/fuenfhoefe.de\/wp-content\/uploads\/cropped-logo-1.png","contentUrl":"https:\/\/fuenfhoefe.de\/wp-content\/uploads\/cropped-logo-1.png","width":178,"height":46,"caption":"F\u00dcNF H\u00d6FE Shopping"},"image":{"@id":"https:\/\/fuenfhoefe.de\/en\/#\/schema\/logo\/image\/"}}]}},"_links":{"self":[{"href":"https:\/\/fuenfhoefe.de\/en\/wp-json\/wp\/v2\/pages\/26","targetHints":{"allow":["GET"]}}],"collection":[{"href":"https:\/\/fuenfhoefe.de\/en\/wp-json\/wp\/v2\/pages"}],"about":[{"href":"https:\/\/fuenfhoefe.de\/en\/wp-json\/wp\/v2\/types\/page"}],"author":[{"embeddable":true,"href":"https:\/\/fuenfhoefe.de\/en\/wp-json\/wp\/v2\/users\/5"}],"replies":[{"embeddable":true,"href":"https:\/\/fuenfhoefe.de\/en\/wp-json\/wp\/v2\/comments?post=26"}],"version-history":[{"count":7,"href":"https:\/\/fuenfhoefe.de\/en\/wp-json\/wp\/v2\/pages\/26\/revisions"}],"predecessor-version":[{"id":14852,"href":"https:\/\/fuenfhoefe.de\/en\/wp-json\/wp\/v2\/pages\/26\/revisions\/14852"}],"wp:featuredmedia":[{"embeddable":true,"href":"https:\/\/fuenfhoefe.de\/en\/wp-json\/wp\/v2\/media\/2787"}],"wp:attachment":[{"href":"https:\/\/fuenfhoefe.de\/en\/wp-json\/wp\/v2\/media?parent=26"}],"curies":[{"name":"wp","href":"https:\/\/api.w.org\/{rel}","templated":true}]}}