{"id":4109,"date":"2020-11-04T13:03:20","date_gmt":"2020-11-04T13:03:20","guid":{"rendered":"https:\/\/fuenfhoefe.de\/gutschein\/"},"modified":"2025-09-11T12:57:56","modified_gmt":"2025-09-11T10:57:56","slug":"gutschein","status":"publish","type":"page","link":"https:\/\/fuenfhoefe.de\/en\/gutschein\/","title":{"rendered":"The perfect gift!"},"content":{"rendered":"\n<p> Sometimes the selection of a suitable gift is quite difficult.<\/p>\n\n\n\n<p>But there is a simple solution: a voucher for special moments. With us. Because with the F\u00dcNF H\u00d6FE shopping vouchers, you give free choice in our more than 60 brand stores, bars and restaurants! <\/p>\n\n\n\n<p>The F\u00dcNF H\u00d6FE shopping voucher can be issued for any amount of your choice from a minimum value of 25 euros and can be redeemed anywhere in the F\u00dcNF H\u00d6FE.<\/p>\n","protected":false},"excerpt":{"rendered":"<p>Sometimes the selection of a suitable gift is quite difficult. But there is a simple solution: a voucher for special moments. With us. Because with the F\u00dcNF H\u00d6FE shopping vouchers, you give free choice in our more than 60 brand stores, bars and restaurants! The F\u00dcNF H\u00d6FE shopping voucher can be issued for any amount [&hellip;]<\/p>\n","protected":false},"author":5,"featured_media":7056,"parent":0,"menu_order":0,"comment_status":"closed","ping_status":"closed","template":"page-gutschein.php","meta":{"_acf_changed":false,"footnotes":""},"class_list":["post-4109","page","type-page","status-publish","has-post-thumbnail","hentry"],"acf":[],"yoast_head":"<!-- This site is optimized with the Yoast SEO plugin v27.2 - https:\/\/yoast.com\/product\/yoast-seo-wordpress\/ -->\n<title>The perfect gift! : F\u00dcNF H\u00d6FE Shopping<\/title>\n<meta name=\"robots\" content=\"index, follow, max-snippet:-1, max-image-preview:large, max-video-preview:-1\" \/>\n<link rel=\"canonical\" href=\"https:\/\/fuenfhoefe.de\/en\/gutschein\/\" \/>\n<meta property=\"og:locale\" content=\"en_US\" \/>\n<meta property=\"og:type\" content=\"article\" \/>\n<meta property=\"og:title\" content=\"The perfect gift! : F\u00dcNF H\u00d6FE Shopping\" \/>\n<meta property=\"og:description\" content=\"Sometimes the selection of a suitable gift is quite difficult. But there is a simple solution: a voucher for special moments. With us. Because with the F\u00dcNF H\u00d6FE shopping vouchers, you give free choice in our more than 60 brand stores, bars and restaurants! The F\u00dcNF H\u00d6FE shopping voucher can be issued for any amount [&hellip;]\" \/>\n<meta property=\"og:url\" content=\"https:\/\/fuenfhoefe.de\/en\/gutschein\/\" \/>\n<meta property=\"og:site_name\" content=\"F\u00dcNF H\u00d6FE Shopping\" \/>\n<meta property=\"article:modified_time\" content=\"2025-09-11T10:57:56+00:00\" \/>\n<meta property=\"og:image\" content=\"https:\/\/fuenfhoefe.de\/wp-content\/uploads\/htmlheld.jpeg\" \/>\n\t<meta property=\"og:image:width\" content=\"1900\" \/>\n\t<meta property=\"og:image:height\" content=\"1069\" \/>\n\t<meta property=\"og:image:type\" content=\"image\/jpeg\" \/>\n<meta name=\"twitter:card\" content=\"summary_large_image\" \/>\n<meta name=\"twitter:label1\" content=\"Est. reading time\" \/>\n\t<meta name=\"twitter:data1\" content=\"1 minute\" \/>\n<script type=\"application\/ld+json\" class=\"yoast-schema-graph\">{\"@context\":\"https:\/\/schema.org\",\"@graph\":[{\"@type\":\"WebPage\",\"@id\":\"https:\/\/fuenfhoefe.de\/en\/gutschein\/\",\"url\":\"https:\/\/fuenfhoefe.de\/en\/gutschein\/\",\"name\":\"The perfect gift! : F\u00dcNF H\u00d6FE Shopping\",\"isPartOf\":{\"@id\":\"https:\/\/fuenfhoefe.de\/en\/#website\"},\"primaryImageOfPage\":{\"@id\":\"https:\/\/fuenfhoefe.de\/en\/gutschein\/#primaryimage\"},\"image\":{\"@id\":\"https:\/\/fuenfhoefe.de\/en\/gutschein\/#primaryimage\"},\"thumbnailUrl\":\"https:\/\/fuenfhoefe.de\/wp-content\/uploads\/htmlheld.jpeg\",\"datePublished\":\"2020-11-04T13:03:20+00:00\",\"dateModified\":\"2025-09-11T10:57:56+00:00\",\"breadcrumb\":{\"@id\":\"https:\/\/fuenfhoefe.de\/en\/gutschein\/#breadcrumb\"},\"inLanguage\":\"en-US\",\"potentialAction\":[{\"@type\":\"ReadAction\",\"target\":[\"https:\/\/fuenfhoefe.de\/en\/gutschein\/\"]}]},{\"@type\":\"ImageObject\",\"inLanguage\":\"en-US\",\"@id\":\"https:\/\/fuenfhoefe.de\/en\/gutschein\/#primaryimage\",\"url\":\"https:\/\/fuenfhoefe.de\/wp-content\/uploads\/htmlheld.jpeg\",\"contentUrl\":\"https:\/\/fuenfhoefe.de\/wp-content\/uploads\/htmlheld.jpeg\",\"width\":1900,\"height\":1069,\"caption\":\"F\u00dcNF_H\u00d6FE_M\u00fcnchen_Das_perfekte_Geschenk_\"},{\"@type\":\"BreadcrumbList\",\"@id\":\"https:\/\/fuenfhoefe.de\/en\/gutschein\/#breadcrumb\",\"itemListElement\":[{\"@type\":\"ListItem\",\"position\":1,\"name\":\"Home\",\"item\":\"https:\/\/fuenfhoefe.de\/en\/\"},{\"@type\":\"ListItem\",\"position\":2,\"name\":\"The perfect gift!\"}]},{\"@type\":\"WebSite\",\"@id\":\"https:\/\/fuenfhoefe.de\/en\/#website\",\"url\":\"https:\/\/fuenfhoefe.de\/en\/\",\"name\":\"F\u00dcNF H\u00d6FE Shopping\",\"description\":\"\",\"publisher\":{\"@id\":\"https:\/\/fuenfhoefe.de\/en\/#organization\"},\"potentialAction\":[{\"@type\":\"SearchAction\",\"target\":{\"@type\":\"EntryPoint\",\"urlTemplate\":\"https:\/\/fuenfhoefe.de\/en\/?s={search_term_string}\"},\"query-input\":{\"@type\":\"PropertyValueSpecification\",\"valueRequired\":true,\"valueName\":\"search_term_string\"}}],\"inLanguage\":\"en-US\"},{\"@type\":\"Organization\",\"@id\":\"https:\/\/fuenfhoefe.de\/en\/#organization\",\"name\":\"F\u00dcNF H\u00d6FE Shopping\",\"url\":\"https:\/\/fuenfhoefe.de\/en\/\",\"logo\":{\"@type\":\"ImageObject\",\"inLanguage\":\"en-US\",\"@id\":\"https:\/\/fuenfhoefe.de\/en\/#\/schema\/logo\/image\/\",\"url\":\"https:\/\/fuenfhoefe.de\/wp-content\/uploads\/cropped-logo-1.png\",\"contentUrl\":\"https:\/\/fuenfhoefe.de\/wp-content\/uploads\/cropped-logo-1.png\",\"width\":178,\"height\":46,\"caption\":\"F\u00dcNF H\u00d6FE Shopping\"},\"image\":{\"@id\":\"https:\/\/fuenfhoefe.de\/en\/#\/schema\/logo\/image\/\"}}]}<\/script>\n<!-- \/ Yoast SEO plugin. -->","yoast_head_json":{"title":"The perfect gift! : F\u00dcNF H\u00d6FE Shopping","robots":{"index":"index","follow":"follow","max-snippet":"max-snippet:-1","max-image-preview":"max-image-preview:large","max-video-preview":"max-video-preview:-1"},"canonical":"https:\/\/fuenfhoefe.de\/en\/gutschein\/","og_locale":"en_US","og_type":"article","og_title":"The perfect gift! : F\u00dcNF H\u00d6FE Shopping","og_description":"Sometimes the selection of a suitable gift is quite difficult. But there is a simple solution: a voucher for special moments. With us. Because with the F\u00dcNF H\u00d6FE shopping vouchers, you give free choice in our more than 60 brand stores, bars and restaurants! The F\u00dcNF H\u00d6FE shopping voucher can be issued for any amount [&hellip;]","og_url":"https:\/\/fuenfhoefe.de\/en\/gutschein\/","og_site_name":"F\u00dcNF H\u00d6FE Shopping","article_modified_time":"2025-09-11T10:57:56+00:00","og_image":[{"width":1900,"height":1069,"url":"https:\/\/fuenfhoefe.de\/wp-content\/uploads\/htmlheld.jpeg","type":"image\/jpeg"}],"twitter_card":"summary_large_image","twitter_misc":{"Est. reading time":"1 minute"},"schema":{"@context":"https:\/\/schema.org","@graph":[{"@type":"WebPage","@id":"https:\/\/fuenfhoefe.de\/en\/gutschein\/","url":"https:\/\/fuenfhoefe.de\/en\/gutschein\/","name":"The perfect gift! : F\u00dcNF H\u00d6FE Shopping","isPartOf":{"@id":"https:\/\/fuenfhoefe.de\/en\/#website"},"primaryImageOfPage":{"@id":"https:\/\/fuenfhoefe.de\/en\/gutschein\/#primaryimage"},"image":{"@id":"https:\/\/fuenfhoefe.de\/en\/gutschein\/#primaryimage"},"thumbnailUrl":"https:\/\/fuenfhoefe.de\/wp-content\/uploads\/htmlheld.jpeg","datePublished":"2020-11-04T13:03:20+00:00","dateModified":"2025-09-11T10:57:56+00:00","breadcrumb":{"@id":"https:\/\/fuenfhoefe.de\/en\/gutschein\/#breadcrumb"},"inLanguage":"en-US","potentialAction":[{"@type":"ReadAction","target":["https:\/\/fuenfhoefe.de\/en\/gutschein\/"]}]},{"@type":"ImageObject","inLanguage":"en-US","@id":"https:\/\/fuenfhoefe.de\/en\/gutschein\/#primaryimage","url":"https:\/\/fuenfhoefe.de\/wp-content\/uploads\/htmlheld.jpeg","contentUrl":"https:\/\/fuenfhoefe.de\/wp-content\/uploads\/htmlheld.jpeg","width":1900,"height":1069,"caption":"F\u00dcNF_H\u00d6FE_M\u00fcnchen_Das_perfekte_Geschenk_"},{"@type":"BreadcrumbList","@id":"https:\/\/fuenfhoefe.de\/en\/gutschein\/#breadcrumb","itemListElement":[{"@type":"ListItem","position":1,"name":"Home","item":"https:\/\/fuenfhoefe.de\/en\/"},{"@type":"ListItem","position":2,"name":"The perfect gift!"}]},{"@type":"WebSite","@id":"https:\/\/fuenfhoefe.de\/en\/#website","url":"https:\/\/fuenfhoefe.de\/en\/","name":"F\u00dcNF H\u00d6FE Shopping","description":"","publisher":{"@id":"https:\/\/fuenfhoefe.de\/en\/#organization"},"potentialAction":[{"@type":"SearchAction","target":{"@type":"EntryPoint","urlTemplate":"https:\/\/fuenfhoefe.de\/en\/?s={search_term_string}"},"query-input":{"@type":"PropertyValueSpecification","valueRequired":true,"valueName":"search_term_string"}}],"inLanguage":"en-US"},{"@type":"Organization","@id":"https:\/\/fuenfhoefe.de\/en\/#organization","name":"F\u00dcNF H\u00d6FE Shopping","url":"https:\/\/fuenfhoefe.de\/en\/","logo":{"@type":"ImageObject","inLanguage":"en-US","@id":"https:\/\/fuenfhoefe.de\/en\/#\/schema\/logo\/image\/","url":"https:\/\/fuenfhoefe.de\/wp-content\/uploads\/cropped-logo-1.png","contentUrl":"https:\/\/fuenfhoefe.de\/wp-content\/uploads\/cropped-logo-1.png","width":178,"height":46,"caption":"F\u00dcNF H\u00d6FE Shopping"},"image":{"@id":"https:\/\/fuenfhoefe.de\/en\/#\/schema\/logo\/image\/"}}]}},"_links":{"self":[{"href":"https:\/\/fuenfhoefe.de\/en\/wp-json\/wp\/v2\/pages\/4109","targetHints":{"allow":["GET"]}}],"collection":[{"href":"https:\/\/fuenfhoefe.de\/en\/wp-json\/wp\/v2\/pages"}],"about":[{"href":"https:\/\/fuenfhoefe.de\/en\/wp-json\/wp\/v2\/types\/page"}],"author":[{"embeddable":true,"href":"https:\/\/fuenfhoefe.de\/en\/wp-json\/wp\/v2\/users\/5"}],"replies":[{"embeddable":true,"href":"https:\/\/fuenfhoefe.de\/en\/wp-json\/wp\/v2\/comments?post=4109"}],"version-history":[{"count":3,"href":"https:\/\/fuenfhoefe.de\/en\/wp-json\/wp\/v2\/pages\/4109\/revisions"}],"predecessor-version":[{"id":5120,"href":"https:\/\/fuenfhoefe.de\/en\/wp-json\/wp\/v2\/pages\/4109\/revisions\/5120"}],"wp:featuredmedia":[{"embeddable":true,"href":"https:\/\/fuenfhoefe.de\/en\/wp-json\/wp\/v2\/media\/7056"}],"wp:attachment":[{"href":"https:\/\/fuenfhoefe.de\/en\/wp-json\/wp\/v2\/media?parent=4109"}],"curies":[{"name":"wp","href":"https:\/\/api.w.org\/{rel}","templated":true}]}}