{"id":67,"date":"2020-02-23T14:49:26","date_gmt":"2020-02-23T14:49:26","guid":{"rendered":"http:\/\/fuenfhoefe.de\/?page_id=67"},"modified":"2026-01-02T13:08:18","modified_gmt":"2026-01-02T11:08:18","slug":"imprint","status":"publish","type":"page","link":"https:\/\/fuenfhoefe.de\/en\/imprint\/","title":{"rendered":"Imprint"},"content":{"rendered":"\n<p><strong>Center Management F\u00dcNF H\u00d6FE<\/strong><br>Theatinerstr. 15 C\/O CONREN Land Management GmbH<br>80333 M\u00fcnchen<\/p>\n\n\n\n<p>E-Mail:\u00a0<a href=\"mailto:fuenfhoefe@bl-gruppe.de\"><\/a><a href=\"mailto:fuenfhoefe@conrenland.com\">fuenfhoefe@conrenland.com<\/a><br>Phone: 089\/ 24 44 95 80<br>Commercial register number: HRB 88955<br>Registration commercial register: Frankfurt am Main<br>Manager: Jan Br\u00fcgelmann, Sascha Dorn, Roman Klasen, Marc Nickel, Dr. Matthias Schreier, Wolfgang Schreier, Timo Th\u00f6mmes<\/p>\n\n\n\n<p><strong>LEGAL NOTICE<\/strong><br>Center Management F\u00dcNF H\u00d6FE regularly checks its websites to ensure that the content is up-to-date. Despite careful maintenance of the pages, differences may arise from time to time. For this reason, no guarantee can be given for the correctness and completeness of the information provided.<\/p>\n\n\n\n<p><strong>COPYRIGHTS, TRADEMARKS AND LOGOS<\/strong><br>The content of our website is protected by copyright. We reserve all rights. All content, information and data may not be used or applied in any way, even in part, without the prior written consent of Center Management F\u00dcNF H\u00d6FE. The brands and logos used on the website are protected. Their use is only permitted with prior written consent.<\/p>\n\n\n\n<p><strong>Consumer Dispute Resolution Act (VSBG):<\/strong><br>&#8220;We are neither willing nor obliged to participate in dispute resolution proceedings before a consumer arbitration board in the event of disputes with consumers.&#8221;<\/p>\n\n\n\n<p><\/p>\n\n\n\n<p>&nbsp;<\/p>\n<div class=\"htmlheld-impressum\">\n  <img loading=\"lazy\" decoding=\"async\" src=\"https:\/\/htmlheld.de\/HTMLHELD_Logo.png\" alt=\"HTMLHELD WordPress maintenance\" width=\"220\" height=\"22\" \/>\n  <h2>\n    <a rel=\"noreferrer noopener\" href=\"https:\/\/htmlheld.de\/\" target=\"_blank\">HTMLHELD \u2013 WordPress maintenance and support<\/a>\n  <\/h2>\n  <p>\n    This website is maintained by HTMLHELD. Secure plugin and theme updates, cloud backups, content customization, and emergency service.\n  <\/p>\n<\/div>\n\n\n\n<p><\/p>\n","protected":false},"excerpt":{"rendered":"<p>Center Management F\u00dcNF H\u00d6FETheatinerstr. 15 C\/O CONREN Land Management GmbH80333 M\u00fcnchen E-Mail:\u00a0fuenfhoefe@conrenland.comPhone: 089\/ 24 44 95 80Commercial register number: HRB 88955Registration commercial register: Frankfurt am MainManager: Jan Br\u00fcgelmann, Sascha Dorn, Roman Klasen, Marc Nickel, Dr. Matthias Schreier, Wolfgang Schreier, Timo Th\u00f6mmes LEGAL NOTICECenter Management F\u00dcNF H\u00d6FE regularly checks its websites to ensure that the content [&hellip;]<\/p>\n","protected":false},"author":5,"featured_media":705,"parent":0,"menu_order":0,"comment_status":"closed","ping_status":"closed","template":"","meta":{"_acf_changed":false,"footnotes":""},"class_list":["post-67","page","type-page","status-publish","has-post-thumbnail","hentry"],"acf":[],"yoast_head":"<!-- This site is optimized with the Yoast SEO plugin v27.2 - https:\/\/yoast.com\/product\/yoast-seo-wordpress\/ -->\n<title>Imprint : F\u00dcNF H\u00d6FE Shopping<\/title>\n<meta name=\"robots\" content=\"index, follow, max-snippet:-1, max-image-preview:large, max-video-preview:-1\" \/>\n<link rel=\"canonical\" href=\"https:\/\/fuenfhoefe.de\/en\/imprint\/\" \/>\n<meta property=\"og:locale\" content=\"en_US\" \/>\n<meta property=\"og:type\" content=\"article\" \/>\n<meta property=\"og:title\" content=\"Imprint : F\u00dcNF H\u00d6FE Shopping\" \/>\n<meta property=\"og:description\" content=\"Center Management F\u00dcNF H\u00d6FETheatinerstr. 15 C\/O CONREN Land Management GmbH80333 M\u00fcnchen E-Mail:\u00a0fuenfhoefe@conrenland.comPhone: 089\/ 24 44 95 80Commercial register number: HRB 88955Registration commercial register: Frankfurt am MainManager: Jan Br\u00fcgelmann, Sascha Dorn, Roman Klasen, Marc Nickel, Dr. Matthias Schreier, Wolfgang Schreier, Timo Th\u00f6mmes LEGAL NOTICECenter Management F\u00dcNF H\u00d6FE regularly checks its websites to ensure that the content [&hellip;]\" \/>\n<meta property=\"og:url\" content=\"https:\/\/fuenfhoefe.de\/en\/imprint\/\" \/>\n<meta property=\"og:site_name\" content=\"F\u00dcNF H\u00d6FE Shopping\" \/>\n<meta property=\"article:modified_time\" content=\"2026-01-02T11:08:18+00:00\" \/>\n<meta property=\"og:image\" content=\"https:\/\/fuenfhoefe.de\/wp-content\/uploads\/FUEH_Web_Slider_2.jpg\" \/>\n\t<meta property=\"og:image:width\" content=\"1900\" \/>\n\t<meta property=\"og:image:height\" content=\"1069\" \/>\n\t<meta property=\"og:image:type\" content=\"image\/jpeg\" \/>\n<meta name=\"twitter:card\" content=\"summary_large_image\" \/>\n<meta name=\"twitter:label1\" content=\"Est. reading time\" \/>\n\t<meta name=\"twitter:data1\" content=\"2 minutes\" \/>\n<script type=\"application\/ld+json\" class=\"yoast-schema-graph\">{\"@context\":\"https:\/\/schema.org\",\"@graph\":[{\"@type\":\"WebPage\",\"@id\":\"https:\/\/fuenfhoefe.de\/en\/imprint\/\",\"url\":\"https:\/\/fuenfhoefe.de\/en\/imprint\/\",\"name\":\"Imprint : F\u00dcNF H\u00d6FE Shopping\",\"isPartOf\":{\"@id\":\"https:\/\/fuenfhoefe.de\/en\/#website\"},\"primaryImageOfPage\":{\"@id\":\"https:\/\/fuenfhoefe.de\/en\/imprint\/#primaryimage\"},\"image\":{\"@id\":\"https:\/\/fuenfhoefe.de\/en\/imprint\/#primaryimage\"},\"thumbnailUrl\":\"https:\/\/fuenfhoefe.de\/wp-content\/uploads\/FUEH_Web_Slider_2.jpg\",\"datePublished\":\"2020-02-23T14:49:26+00:00\",\"dateModified\":\"2026-01-02T11:08:18+00:00\",\"breadcrumb\":{\"@id\":\"https:\/\/fuenfhoefe.de\/en\/imprint\/#breadcrumb\"},\"inLanguage\":\"en-US\",\"potentialAction\":[{\"@type\":\"ReadAction\",\"target\":[\"https:\/\/fuenfhoefe.de\/en\/imprint\/\"]}]},{\"@type\":\"ImageObject\",\"inLanguage\":\"en-US\",\"@id\":\"https:\/\/fuenfhoefe.de\/en\/imprint\/#primaryimage\",\"url\":\"https:\/\/fuenfhoefe.de\/wp-content\/uploads\/FUEH_Web_Slider_2.jpg\",\"contentUrl\":\"https:\/\/fuenfhoefe.de\/wp-content\/uploads\/FUEH_Web_Slider_2.jpg\",\"width\":1900,\"height\":1069,\"caption\":\"fuenf_hoefe_Web_Slider_2\"},{\"@type\":\"BreadcrumbList\",\"@id\":\"https:\/\/fuenfhoefe.de\/en\/imprint\/#breadcrumb\",\"itemListElement\":[{\"@type\":\"ListItem\",\"position\":1,\"name\":\"Home\",\"item\":\"https:\/\/fuenfhoefe.de\/en\/\"},{\"@type\":\"ListItem\",\"position\":2,\"name\":\"Imprint\"}]},{\"@type\":\"WebSite\",\"@id\":\"https:\/\/fuenfhoefe.de\/en\/#website\",\"url\":\"https:\/\/fuenfhoefe.de\/en\/\",\"name\":\"F\u00dcNF H\u00d6FE Shopping\",\"description\":\"\",\"publisher\":{\"@id\":\"https:\/\/fuenfhoefe.de\/en\/#organization\"},\"potentialAction\":[{\"@type\":\"SearchAction\",\"target\":{\"@type\":\"EntryPoint\",\"urlTemplate\":\"https:\/\/fuenfhoefe.de\/en\/?s={search_term_string}\"},\"query-input\":{\"@type\":\"PropertyValueSpecification\",\"valueRequired\":true,\"valueName\":\"search_term_string\"}}],\"inLanguage\":\"en-US\"},{\"@type\":\"Organization\",\"@id\":\"https:\/\/fuenfhoefe.de\/en\/#organization\",\"name\":\"F\u00dcNF H\u00d6FE Shopping\",\"url\":\"https:\/\/fuenfhoefe.de\/en\/\",\"logo\":{\"@type\":\"ImageObject\",\"inLanguage\":\"en-US\",\"@id\":\"https:\/\/fuenfhoefe.de\/en\/#\/schema\/logo\/image\/\",\"url\":\"https:\/\/fuenfhoefe.de\/wp-content\/uploads\/cropped-logo-1.png\",\"contentUrl\":\"https:\/\/fuenfhoefe.de\/wp-content\/uploads\/cropped-logo-1.png\",\"width\":178,\"height\":46,\"caption\":\"F\u00dcNF H\u00d6FE Shopping\"},\"image\":{\"@id\":\"https:\/\/fuenfhoefe.de\/en\/#\/schema\/logo\/image\/\"}}]}<\/script>\n<!-- \/ Yoast SEO plugin. -->","yoast_head_json":{"title":"Imprint : F\u00dcNF H\u00d6FE Shopping","robots":{"index":"index","follow":"follow","max-snippet":"max-snippet:-1","max-image-preview":"max-image-preview:large","max-video-preview":"max-video-preview:-1"},"canonical":"https:\/\/fuenfhoefe.de\/en\/imprint\/","og_locale":"en_US","og_type":"article","og_title":"Imprint : F\u00dcNF H\u00d6FE Shopping","og_description":"Center Management F\u00dcNF H\u00d6FETheatinerstr. 15 C\/O CONREN Land Management GmbH80333 M\u00fcnchen E-Mail:\u00a0fuenfhoefe@conrenland.comPhone: 089\/ 24 44 95 80Commercial register number: HRB 88955Registration commercial register: Frankfurt am MainManager: Jan Br\u00fcgelmann, Sascha Dorn, Roman Klasen, Marc Nickel, Dr. Matthias Schreier, Wolfgang Schreier, Timo Th\u00f6mmes LEGAL NOTICECenter Management F\u00dcNF H\u00d6FE regularly checks its websites to ensure that the content [&hellip;]","og_url":"https:\/\/fuenfhoefe.de\/en\/imprint\/","og_site_name":"F\u00dcNF H\u00d6FE Shopping","article_modified_time":"2026-01-02T11:08:18+00:00","og_image":[{"width":1900,"height":1069,"url":"https:\/\/fuenfhoefe.de\/wp-content\/uploads\/FUEH_Web_Slider_2.jpg","type":"image\/jpeg"}],"twitter_card":"summary_large_image","twitter_misc":{"Est. reading time":"2 minutes"},"schema":{"@context":"https:\/\/schema.org","@graph":[{"@type":"WebPage","@id":"https:\/\/fuenfhoefe.de\/en\/imprint\/","url":"https:\/\/fuenfhoefe.de\/en\/imprint\/","name":"Imprint : F\u00dcNF H\u00d6FE Shopping","isPartOf":{"@id":"https:\/\/fuenfhoefe.de\/en\/#website"},"primaryImageOfPage":{"@id":"https:\/\/fuenfhoefe.de\/en\/imprint\/#primaryimage"},"image":{"@id":"https:\/\/fuenfhoefe.de\/en\/imprint\/#primaryimage"},"thumbnailUrl":"https:\/\/fuenfhoefe.de\/wp-content\/uploads\/FUEH_Web_Slider_2.jpg","datePublished":"2020-02-23T14:49:26+00:00","dateModified":"2026-01-02T11:08:18+00:00","breadcrumb":{"@id":"https:\/\/fuenfhoefe.de\/en\/imprint\/#breadcrumb"},"inLanguage":"en-US","potentialAction":[{"@type":"ReadAction","target":["https:\/\/fuenfhoefe.de\/en\/imprint\/"]}]},{"@type":"ImageObject","inLanguage":"en-US","@id":"https:\/\/fuenfhoefe.de\/en\/imprint\/#primaryimage","url":"https:\/\/fuenfhoefe.de\/wp-content\/uploads\/FUEH_Web_Slider_2.jpg","contentUrl":"https:\/\/fuenfhoefe.de\/wp-content\/uploads\/FUEH_Web_Slider_2.jpg","width":1900,"height":1069,"caption":"fuenf_hoefe_Web_Slider_2"},{"@type":"BreadcrumbList","@id":"https:\/\/fuenfhoefe.de\/en\/imprint\/#breadcrumb","itemListElement":[{"@type":"ListItem","position":1,"name":"Home","item":"https:\/\/fuenfhoefe.de\/en\/"},{"@type":"ListItem","position":2,"name":"Imprint"}]},{"@type":"WebSite","@id":"https:\/\/fuenfhoefe.de\/en\/#website","url":"https:\/\/fuenfhoefe.de\/en\/","name":"F\u00dcNF H\u00d6FE Shopping","description":"","publisher":{"@id":"https:\/\/fuenfhoefe.de\/en\/#organization"},"potentialAction":[{"@type":"SearchAction","target":{"@type":"EntryPoint","urlTemplate":"https:\/\/fuenfhoefe.de\/en\/?s={search_term_string}"},"query-input":{"@type":"PropertyValueSpecification","valueRequired":true,"valueName":"search_term_string"}}],"inLanguage":"en-US"},{"@type":"Organization","@id":"https:\/\/fuenfhoefe.de\/en\/#organization","name":"F\u00dcNF H\u00d6FE Shopping","url":"https:\/\/fuenfhoefe.de\/en\/","logo":{"@type":"ImageObject","inLanguage":"en-US","@id":"https:\/\/fuenfhoefe.de\/en\/#\/schema\/logo\/image\/","url":"https:\/\/fuenfhoefe.de\/wp-content\/uploads\/cropped-logo-1.png","contentUrl":"https:\/\/fuenfhoefe.de\/wp-content\/uploads\/cropped-logo-1.png","width":178,"height":46,"caption":"F\u00dcNF H\u00d6FE Shopping"},"image":{"@id":"https:\/\/fuenfhoefe.de\/en\/#\/schema\/logo\/image\/"}}]}},"_links":{"self":[{"href":"https:\/\/fuenfhoefe.de\/en\/wp-json\/wp\/v2\/pages\/67","targetHints":{"allow":["GET"]}}],"collection":[{"href":"https:\/\/fuenfhoefe.de\/en\/wp-json\/wp\/v2\/pages"}],"about":[{"href":"https:\/\/fuenfhoefe.de\/en\/wp-json\/wp\/v2\/types\/page"}],"author":[{"embeddable":true,"href":"https:\/\/fuenfhoefe.de\/en\/wp-json\/wp\/v2\/users\/5"}],"replies":[{"embeddable":true,"href":"https:\/\/fuenfhoefe.de\/en\/wp-json\/wp\/v2\/comments?post=67"}],"version-history":[{"count":12,"href":"https:\/\/fuenfhoefe.de\/en\/wp-json\/wp\/v2\/pages\/67\/revisions"}],"predecessor-version":[{"id":15197,"href":"https:\/\/fuenfhoefe.de\/en\/wp-json\/wp\/v2\/pages\/67\/revisions\/15197"}],"wp:featuredmedia":[{"embeddable":true,"href":"https:\/\/fuenfhoefe.de\/en\/wp-json\/wp\/v2\/media\/705"}],"wp:attachment":[{"href":"https:\/\/fuenfhoefe.de\/en\/wp-json\/wp\/v2\/media?parent=67"}],"curies":[{"name":"wp","href":"https:\/\/api.w.org\/{rel}","templated":true}]}}